{"id":1608,"date":"2022-12-21T20:07:46","date_gmt":"2022-12-21T19:07:46","guid":{"rendered":"https:\/\/www.amplitudstudio.com\/proyectos\/"},"modified":"2023-03-21T14:11:12","modified_gmt":"2023-03-21T13:11:12","slug":"projectes","status":"publish","type":"page","link":"https:\/\/www.amplitudstudio.com\/ca\/projectes\/","title":{"rendered":"Projectes"},"content":{"rendered":"\t\t<div data-elementor-type=\"wp-page\" data-elementor-id=\"1608\" class=\"elementor elementor-1608 elementor-169\">\n\t\t\t\t\t\t\t\t\t<section data-particle_enable=\"false\" data-particle-mobile-disabled=\"false\" class=\"elementor-section elementor-top-section elementor-element elementor-element-3aa6575 elementor-section-full_width elementor-section-stretched elementor-section-height-default elementor-section-height-default\" data-id=\"3aa6575\" data-element_type=\"section\" data-settings=\"{&quot;stretch_section&quot;:&quot;section-stretched&quot;}\">\n\t\t\t\t\t\t<div class=\"elementor-container elementor-column-gap-default\">\n\t\t\t\t\t<div class=\"make-column-clickable-elementor elementor-column elementor-col-50 elementor-top-column elementor-element elementor-element-8d97a5f\" style=\"cursor: pointer;\" data-column-clickable=\"\/ca\/casa-masia-a-mataro\/\" data-column-clickable-blank=\"_self\" data-id=\"8d97a5f\" data-element_type=\"column\">\n\t\t\t<div class=\"elementor-widget-wrap elementor-element-populated\">\n\t\t\t\t\t\t\t\t<div class=\"elementor-element elementor-element-82cae2b proyectos elementor-widget elementor-widget-eael-interactive-promo\" data-id=\"82cae2b\" data-element_type=\"widget\" data-widget_type=\"eael-interactive-promo.default\">\n\t\t\t\t<div class=\"elementor-widget-container\">\n\t\t\t        <div id=\"eael-promo-82cae2b\" class=\"eael-interactive-promo\">\n            <figure class=\"effect-roxy\">\n                <img decoding=\"async\" alt=\"Sant Vicen\u00e7\" src=\"https:\/\/www.amplitudstudio.com\/wp-content\/uploads\/2023\/03\/reforma-mataro.webp\">                <figcaption>\n                    <div>\n                        \n                        <p>DISSENY I REFORMA DE CASA - MASIA<br>\nA MATAR\u00d3<\/p>\n                    <\/div>\n                                            <a href=\"\/ca\/casa-masia-a-mataro\/\" target=\"_self\"><\/a>\n                                    <\/figcaption>\n            <\/figure>\n        <\/div>\n\t\t<\/div>\n\t\t\t\t<\/div>\n\t\t\t\t<div class=\"elementor-element elementor-element-5f97117 elementor-hidden-desktop elementor-widget elementor-widget-text-editor\" data-id=\"5f97117\" data-element_type=\"widget\" data-widget_type=\"text-editor.default\">\n\t\t\t\t<div class=\"elementor-widget-container\">\n\t\t\t<style>\/*! elementor - v3.13.3 - 28-05-2023 *\/\n.elementor-widget-text-editor.elementor-drop-cap-view-stacked .elementor-drop-cap{background-color:#69727d;color:#fff}.elementor-widget-text-editor.elementor-drop-cap-view-framed .elementor-drop-cap{color:#69727d;border:3px solid;background-color:transparent}.elementor-widget-text-editor:not(.elementor-drop-cap-view-default) .elementor-drop-cap{margin-top:8px}.elementor-widget-text-editor:not(.elementor-drop-cap-view-default) .elementor-drop-cap-letter{width:1em;height:1em}.elementor-widget-text-editor .elementor-drop-cap{float:left;text-align:center;line-height:1;font-size:50px}.elementor-widget-text-editor .elementor-drop-cap-letter{display:inline-block}<\/style>\t\t\t\tDISSENY I REFORMA DE CASA &#8211; MASIA<br>\nA MATAR\u00d3\t\t\t\t\t\t<\/div>\n\t\t\t\t<\/div>\n\t\t\t\t\t<\/div>\n\t\t<\/div>\n\t\t\t\t<div class=\"make-column-clickable-elementor elementor-column elementor-col-50 elementor-top-column elementor-element elementor-element-bfe64dc\" style=\"cursor: pointer;\" data-column-clickable=\"\/ca\/casa-moderna-a-mataro\/\" data-column-clickable-blank=\"_self\" data-id=\"bfe64dc\" data-element_type=\"column\">\n\t\t\t<div class=\"elementor-widget-wrap elementor-element-populated\">\n\t\t\t\t\t\t\t\t<div class=\"elementor-element elementor-element-8f80e64 proyectos elementor-widget elementor-widget-eael-interactive-promo\" data-id=\"8f80e64\" data-element_type=\"widget\" data-widget_type=\"eael-interactive-promo.default\">\n\t\t\t\t<div class=\"elementor-widget-container\">\n\t\t\t        <div id=\"eael-promo-8f80e64\" class=\"eael-interactive-promo\">\n            <figure class=\"effect-roxy\">\n                <img decoding=\"async\" alt=\"Sant Vicen\u00e7\" src=\"https:\/\/www.amplitudstudio.com\/wp-content\/uploads\/2023\/03\/construccion-cocina-mataro.webp\">                <figcaption>\n                    <div>\n                        \n                        <p>DISSENY INTERIOR I OBRA NOVA<br>\nDE CASA MODERNA A MATAR\u00d3<\/p>\n                    <\/div>\n                                            <a href=\"\/ca\/casa-moderna-a-mataro\/\" target=\"_self\"><\/a>\n                                    <\/figcaption>\n            <\/figure>\n        <\/div>\n\t\t<\/div>\n\t\t\t\t<\/div>\n\t\t\t\t<div class=\"elementor-element elementor-element-03f2c60 elementor-hidden-desktop elementor-widget elementor-widget-text-editor\" data-id=\"03f2c60\" data-element_type=\"widget\" data-widget_type=\"text-editor.default\">\n\t\t\t\t<div class=\"elementor-widget-container\">\n\t\t\t\t\t\t\tDISSENY INTERIOR I OBRA NOVA<br>\nDE CASA MODERNA A MATAR\u00d3\t\t\t\t\t\t<\/div>\n\t\t\t\t<\/div>\n\t\t\t\t\t<\/div>\n\t\t<\/div>\n\t\t\t\t\t\t\t<\/div>\n\t\t<\/section>\n\t\t\t\t<section data-particle_enable=\"false\" data-particle-mobile-disabled=\"false\" class=\"elementor-section elementor-top-section elementor-element elementor-element-0e723bd elementor-section-full_width elementor-section-stretched elementor-section-height-default elementor-section-height-default\" data-id=\"0e723bd\" data-element_type=\"section\" data-settings=\"{&quot;stretch_section&quot;:&quot;section-stretched&quot;}\">\n\t\t\t\t\t\t<div class=\"elementor-container elementor-column-gap-default\">\n\t\t\t\t\t<div class=\"make-column-clickable-elementor elementor-column elementor-col-50 elementor-top-column elementor-element elementor-element-22c65ba\" style=\"cursor: pointer;\" data-column-clickable=\"\/ca\/el-mirador-a-sant-vicenc-de-montalt\/\" data-column-clickable-blank=\"_self\" data-id=\"22c65ba\" data-element_type=\"column\">\n\t\t\t<div class=\"elementor-widget-wrap elementor-element-populated\">\n\t\t\t\t\t\t\t\t<div class=\"elementor-element elementor-element-1f55d6a proyectos elementor-widget elementor-widget-eael-interactive-promo\" data-id=\"1f55d6a\" data-element_type=\"widget\" data-widget_type=\"eael-interactive-promo.default\">\n\t\t\t\t<div class=\"elementor-widget-container\">\n\t\t\t        <div id=\"eael-promo-1f55d6a\" class=\"eael-interactive-promo\">\n            <figure class=\"effect-roxy\">\n                <img decoding=\"async\" alt=\"Sant Vicen\u00e7\" src=\"https:\/\/www.amplitudstudio.com\/wp-content\/uploads\/2023\/03\/diseno-reforma-sant-vicenc.webp\">                <figcaption>\n                    <div>\n                        \n                        <p>DISSENY INTERIOR I REFORMA DE CASA MEDITERR\u00c0NIA<br>\nA SANT VICEN\u00c7 DE MONTALT<\/p>\n                    <\/div>\n                                            <a href=\"\/ca\/el-mirador-a-sant-vicenc-de-montalt\/\" target=\"_self\"><\/a>\n                                    <\/figcaption>\n            <\/figure>\n        <\/div>\n\t\t<\/div>\n\t\t\t\t<\/div>\n\t\t\t\t<div class=\"elementor-element elementor-element-45440db elementor-hidden-desktop elementor-widget elementor-widget-text-editor\" data-id=\"45440db\" data-element_type=\"widget\" data-widget_type=\"text-editor.default\">\n\t\t\t\t<div class=\"elementor-widget-container\">\n\t\t\t\t\t\t\tDISSENY INTERIOR I REFORMA DE CASA MEDITERR\u00c0NIA<br>\nA SANT VICEN\u00c7 DE MONTALT\t\t\t\t\t\t<\/div>\n\t\t\t\t<\/div>\n\t\t\t\t\t<\/div>\n\t\t<\/div>\n\t\t\t\t<div class=\"make-column-clickable-elementor elementor-column elementor-col-50 elementor-top-column elementor-element elementor-element-6913dd2\" style=\"cursor: pointer;\" data-column-clickable=\"\/ca\/casa-senyorial-a-sant-vicenc-de-montalt\/\" data-column-clickable-blank=\"_self\" data-id=\"6913dd2\" data-element_type=\"column\">\n\t\t\t<div class=\"elementor-widget-wrap elementor-element-populated\">\n\t\t\t\t\t\t\t\t<div class=\"elementor-element elementor-element-a3dd690 proyectos elementor-widget elementor-widget-eael-interactive-promo\" data-id=\"a3dd690\" data-element_type=\"widget\" data-widget_type=\"eael-interactive-promo.default\">\n\t\t\t\t<div class=\"elementor-widget-container\">\n\t\t\t        <div id=\"eael-promo-a3dd690\" class=\"eael-interactive-promo\">\n            <figure class=\"effect-roxy\">\n                <img decoding=\"async\" alt=\"Sant Vicen\u00e7\" src=\"https:\/\/www.amplitudstudio.com\/wp-content\/uploads\/2023\/03\/reforma-sant-vicenc.webp\">                <figcaption>\n                    <div>\n                        \n                        <p>CONSTRUCCI\u00d3 I REFORMA DE CASA SENYORIAL<br>\nA SANT VICEN\u00c7 DE MONTALT<\/p>\n                    <\/div>\n                                            <a href=\"\/ca\/casa-senyorial-a-sant-vicenc-de-montalt\/\" target=\"_self\"><\/a>\n                                    <\/figcaption>\n            <\/figure>\n        <\/div>\n\t\t<\/div>\n\t\t\t\t<\/div>\n\t\t\t\t<div class=\"elementor-element elementor-element-126a459 elementor-hidden-desktop elementor-widget elementor-widget-text-editor\" data-id=\"126a459\" data-element_type=\"widget\" data-widget_type=\"text-editor.default\">\n\t\t\t\t<div class=\"elementor-widget-container\">\n\t\t\t\t\t\t\tCONSTRUCCI\u00d3 I REFORMA DE CASA SENYORIAL<br>\nA SANT VICEN\u00c7 DE MONTALT\t\t\t\t\t\t<\/div>\n\t\t\t\t<\/div>\n\t\t\t\t\t<\/div>\n\t\t<\/div>\n\t\t\t\t\t\t\t<\/div>\n\t\t<\/section>\n\t\t\t\t<section data-particle_enable=\"false\" data-particle-mobile-disabled=\"false\" class=\"elementor-section elementor-top-section elementor-element elementor-element-cb25d4b elementor-section-full_width elementor-section-stretched elementor-section-height-default elementor-section-height-default\" data-id=\"cb25d4b\" data-element_type=\"section\" data-settings=\"{&quot;stretch_section&quot;:&quot;section-stretched&quot;}\">\n\t\t\t\t\t\t<div class=\"elementor-container elementor-column-gap-default\">\n\t\t\t\t\t<div class=\"make-column-clickable-elementor elementor-column elementor-col-50 elementor-top-column elementor-element elementor-element-8a475bc\" style=\"cursor: pointer;\" data-column-clickable=\"\/ca\/casa-mediterrania-a-sant-vicenc-de-montalt\/\" data-column-clickable-blank=\"_self\" data-id=\"8a475bc\" data-element_type=\"column\">\n\t\t\t<div class=\"elementor-widget-wrap elementor-element-populated\">\n\t\t\t\t\t\t\t\t<div class=\"elementor-element elementor-element-7a9307a proyectos elementor-widget elementor-widget-eael-interactive-promo\" data-id=\"7a9307a\" data-element_type=\"widget\" data-widget_type=\"eael-interactive-promo.default\">\n\t\t\t\t<div class=\"elementor-widget-container\">\n\t\t\t        <div id=\"eael-promo-7a9307a\" class=\"eael-interactive-promo\">\n            <figure class=\"effect-roxy\">\n                <img decoding=\"async\" alt=\"Sant Vicen\u00e7\" src=\"https:\/\/www.amplitudstudio.com\/wp-content\/uploads\/2023\/03\/diseno-sant-vicenc.webp\">                <figcaption>\n                    <div>\n                        \n                        <p>DISSENY I REFORMA DE CASA MEDITERR\u00c0NIA<br>\nA SANT VICEN\u00c7 DE MONTALT<\/p>\n                    <\/div>\n                                            <a href=\"\/ca\/casa-mediterrania-a-sant-vicenc-de-montalt\/\" target=\"_self\"><\/a>\n                                    <\/figcaption>\n            <\/figure>\n        <\/div>\n\t\t<\/div>\n\t\t\t\t<\/div>\n\t\t\t\t<div class=\"elementor-element elementor-element-5860022 elementor-hidden-desktop elementor-widget elementor-widget-text-editor\" data-id=\"5860022\" data-element_type=\"widget\" data-widget_type=\"text-editor.default\">\n\t\t\t\t<div class=\"elementor-widget-container\">\n\t\t\t\t\t\t\tDISSENY I REFORMA DE CASA MEDITERR\u00c0NIA<br>\nA SANT VICEN\u00c7 DE MONTALT\t\t\t\t\t\t<\/div>\n\t\t\t\t<\/div>\n\t\t\t\t\t<\/div>\n\t\t<\/div>\n\t\t\t\t<div class=\"elementor-column elementor-col-50 elementor-top-column elementor-element elementor-element-d430ec8\" data-id=\"d430ec8\" data-element_type=\"column\">\n\t\t\t<div class=\"elementor-widget-wrap\">\n\t\t\t\t\t\t\t\t\t<\/div>\n\t\t<\/div>\n\t\t\t\t\t\t\t<\/div>\n\t\t<\/section>\n\t\t\t\t\t\t\t<\/div>\n\t\t","protected":false},"excerpt":{"rendered":"<p>DISSENY I REFORMA DE CASA &#8211; MASIA A MATAR\u00d3 &nbsp; DISSENY I REFORMA DE CASA &#8211; MASIA A MATAR\u00d3 DISSENY INTERIOR I OBRA NOVA DE CASA MODERNA A MATAR\u00d3 &nbsp; DISSENY INTERIOR I OBRA NOVA DE CASA MODERNA A MATAR\u00d3 DISSENY INTERIOR I REFORMA DE CASA MEDITERR\u00c0NIA A SANT VICEN\u00c7 DE MONTALT &nbsp; DISSENY INTERIOR &#8230; <a title=\"Projectes\" class=\"read-more\" href=\"https:\/\/www.amplitudstudio.com\/ca\/projectes\/\" aria-label=\"M\u00e9s sobre Projectes\">Llegiu m\u00e9s<\/a><\/p>\n","protected":false},"author":1,"featured_media":0,"parent":0,"menu_order":0,"comment_status":"closed","ping_status":"closed","template":"elementor_header_footer","meta":{"inline_featured_image":false,"footnotes":""},"class_list":["post-1608","page","type-page","status-publish"],"_links":{"self":[{"href":"https:\/\/www.amplitudstudio.com\/ca\/wp-json\/wp\/v2\/pages\/1608","targetHints":{"allow":["GET"]}}],"collection":[{"href":"https:\/\/www.amplitudstudio.com\/ca\/wp-json\/wp\/v2\/pages"}],"about":[{"href":"https:\/\/www.amplitudstudio.com\/ca\/wp-json\/wp\/v2\/types\/page"}],"author":[{"embeddable":true,"href":"https:\/\/www.amplitudstudio.com\/ca\/wp-json\/wp\/v2\/users\/1"}],"replies":[{"embeddable":true,"href":"https:\/\/www.amplitudstudio.com\/ca\/wp-json\/wp\/v2\/comments?post=1608"}],"version-history":[{"count":24,"href":"https:\/\/www.amplitudstudio.com\/ca\/wp-json\/wp\/v2\/pages\/1608\/revisions"}],"predecessor-version":[{"id":3516,"href":"https:\/\/www.amplitudstudio.com\/ca\/wp-json\/wp\/v2\/pages\/1608\/revisions\/3516"}],"wp:attachment":[{"href":"https:\/\/www.amplitudstudio.com\/ca\/wp-json\/wp\/v2\/media?parent=1608"}],"curies":[{"name":"wp","href":"https:\/\/api.w.org\/{rel}","templated":true}]}}