{"id":1607,"date":"2022-12-23T13:13:04","date_gmt":"2022-12-23T12:13:04","guid":{"rendered":"https:\/\/www.amplitudstudio.com\/proyecto-5\/"},"modified":"2023-03-21T14:00:17","modified_gmt":"2023-03-21T13:00:17","slug":"el-mirador-a-sant-vicenc-de-montalt","status":"publish","type":"page","link":"https:\/\/www.amplitudstudio.com\/ca\/el-mirador-a-sant-vicenc-de-montalt\/","title":{"rendered":"El Mirador a Sant Vicen\u00e7 de Montalt"},"content":{"rendered":"\t\t<div data-elementor-type=\"wp-page\" data-elementor-id=\"1607\" class=\"elementor elementor-1607 elementor-652\">\n\t\t\t\t\t\t\t\t\t<section data-particle_enable=\"false\" data-particle-mobile-disabled=\"false\" class=\"elementor-section elementor-top-section elementor-element elementor-element-18a41f87 elementor-section-content-bottom elementor-section-boxed elementor-section-height-default elementor-section-height-default\" data-id=\"18a41f87\" data-element_type=\"section\">\n\t\t\t\t\t\t<div class=\"elementor-container elementor-column-gap-default\">\n\t\t\t\t\t<div class=\"elementor-column elementor-col-50 elementor-top-column elementor-element elementor-element-5ef817f1\" data-id=\"5ef817f1\" data-element_type=\"column\">\n\t\t\t<div class=\"elementor-widget-wrap elementor-element-populated\">\n\t\t\t\t\t\t\t\t<div class=\"elementor-element elementor-element-7ce41202 elementor-widget elementor-widget-image\" data-id=\"7ce41202\" data-element_type=\"widget\" data-widget_type=\"image.default\">\n\t\t\t\t<div class=\"elementor-widget-container\">\n\t\t\t<style>\/*! elementor - v3.13.3 - 28-05-2023 *\/\n.elementor-widget-image{text-align:center}.elementor-widget-image a{display:inline-block}.elementor-widget-image a img[src$=\".svg\"]{width:48px}.elementor-widget-image img{vertical-align:middle;display:inline-block}<\/style>\t\t\t\t\t\t\t\t\t\t\t\t<img loading=\"lazy\" decoding=\"async\" width=\"878\" height=\"889\" src=\"https:\/\/www.amplitudstudio.com\/wp-content\/uploads\/2023\/03\/proyecto-5.webp\" class=\"attachment-large size-large wp-image-2958\" alt=\"\" srcset=\"https:\/\/www.amplitudstudio.com\/wp-content\/uploads\/2023\/03\/proyecto-5.webp 878w, https:\/\/www.amplitudstudio.com\/wp-content\/uploads\/2023\/03\/proyecto-5-296x300.webp 296w, https:\/\/www.amplitudstudio.com\/wp-content\/uploads\/2023\/03\/proyecto-5-768x778.webp 768w\" sizes=\"auto, (max-width: 878px) 100vw, 878px\" \/>\t\t\t\t\t\t\t\t\t\t\t\t\t\t\t<\/div>\n\t\t\t\t<\/div>\n\t\t\t\t\t<\/div>\n\t\t<\/div>\n\t\t\t\t<div class=\"elementor-column elementor-col-50 elementor-top-column elementor-element elementor-element-79d562ca\" data-id=\"79d562ca\" data-element_type=\"column\">\n\t\t\t<div class=\"elementor-widget-wrap elementor-element-populated\">\n\t\t\t\t\t\t\t\t<div class=\"elementor-element elementor-element-30dbba9a elementor-widget elementor-widget-heading\" data-id=\"30dbba9a\" data-element_type=\"widget\" data-widget_type=\"heading.default\">\n\t\t\t\t<div class=\"elementor-widget-container\">\n\t\t\t<style>\/*! elementor - v3.13.3 - 28-05-2023 *\/\n.elementor-heading-title{padding:0;margin:0;line-height:1}.elementor-widget-heading .elementor-heading-title[class*=elementor-size-]>a{color:inherit;font-size:inherit;line-height:inherit}.elementor-widget-heading .elementor-heading-title.elementor-size-small{font-size:15px}.elementor-widget-heading .elementor-heading-title.elementor-size-medium{font-size:19px}.elementor-widget-heading .elementor-heading-title.elementor-size-large{font-size:29px}.elementor-widget-heading .elementor-heading-title.elementor-size-xl{font-size:39px}.elementor-widget-heading .elementor-heading-title.elementor-size-xxl{font-size:59px}<\/style><h1 class=\"elementor-heading-title elementor-size-default\">Casa El Mirador <br>a Sant Vicen\u00e7 de Montalt<\/h1>\t\t<\/div>\n\t\t\t\t<\/div>\n\t\t\t\t<div class=\"elementor-element elementor-element-4a5f3fb7 elementor-widget elementor-widget-heading\" data-id=\"4a5f3fb7\" data-element_type=\"widget\" data-widget_type=\"heading.default\">\n\t\t\t\t<div class=\"elementor-widget-container\">\n\t\t\t<h2 class=\"elementor-heading-title elementor-size-default\">Projecte de disseny, reforma i redistribuci\u00f3 dels espais\n<\/h2>\t\t<\/div>\n\t\t\t\t<\/div>\n\t\t\t\t<section data-particle_enable=\"false\" data-particle-mobile-disabled=\"false\" class=\"elementor-section elementor-inner-section elementor-element elementor-element-8141634 elementor-section-boxed elementor-section-height-default elementor-section-height-default\" data-id=\"8141634\" data-element_type=\"section\">\n\t\t\t\t\t\t<div class=\"elementor-container elementor-column-gap-default\">\n\t\t\t\t\t<div class=\"elementor-column elementor-col-50 elementor-inner-column elementor-element elementor-element-aa737ae\" data-id=\"aa737ae\" data-element_type=\"column\">\n\t\t\t<div class=\"elementor-widget-wrap elementor-element-populated\">\n\t\t\t\t\t\t\t\t<div class=\"elementor-element elementor-element-a61d730 elementor-widget elementor-widget-text-editor\" data-id=\"a61d730\" data-element_type=\"widget\" data-widget_type=\"text-editor.default\">\n\t\t\t\t<div class=\"elementor-widget-container\">\n\t\t\t<style>\/*! elementor - v3.13.3 - 28-05-2023 *\/\n.elementor-widget-text-editor.elementor-drop-cap-view-stacked .elementor-drop-cap{background-color:#69727d;color:#fff}.elementor-widget-text-editor.elementor-drop-cap-view-framed .elementor-drop-cap{color:#69727d;border:3px solid;background-color:transparent}.elementor-widget-text-editor:not(.elementor-drop-cap-view-default) .elementor-drop-cap{margin-top:8px}.elementor-widget-text-editor:not(.elementor-drop-cap-view-default) .elementor-drop-cap-letter{width:1em;height:1em}.elementor-widget-text-editor .elementor-drop-cap{float:left;text-align:center;line-height:1;font-size:50px}.elementor-widget-text-editor .elementor-drop-cap-letter{display:inline-block}<\/style>\t\t\t\t<p>Data:<br \/>2022<\/p>\t\t\t\t\t\t<\/div>\n\t\t\t\t<\/div>\n\t\t\t\t\t<\/div>\n\t\t<\/div>\n\t\t\t\t<div class=\"elementor-column elementor-col-50 elementor-inner-column elementor-element elementor-element-4bf1057\" data-id=\"4bf1057\" data-element_type=\"column\">\n\t\t\t<div class=\"elementor-widget-wrap elementor-element-populated\">\n\t\t\t\t\t\t\t\t<div class=\"elementor-element elementor-element-028c9fe elementor-widget elementor-widget-text-editor\" data-id=\"028c9fe\" data-element_type=\"widget\" data-widget_type=\"text-editor.default\">\n\t\t\t\t<div class=\"elementor-widget-container\">\n\t\t\t\t\t\t\t<p>Client:<br \/>Particular<\/p>\t\t\t\t\t\t<\/div>\n\t\t\t\t<\/div>\n\t\t\t\t\t<\/div>\n\t\t<\/div>\n\t\t\t\t\t\t\t<\/div>\n\t\t<\/section>\n\t\t\t\t\t<\/div>\n\t\t<\/div>\n\t\t\t\t\t\t\t<\/div>\n\t\t<\/section>\n\t\t\t\t<section data-particle_enable=\"false\" data-particle-mobile-disabled=\"false\" class=\"elementor-section elementor-top-section elementor-element elementor-element-b7c3a93 elementor-section-boxed elementor-section-height-default elementor-section-height-default\" data-id=\"b7c3a93\" data-element_type=\"section\">\n\t\t\t\t\t\t<div class=\"elementor-container elementor-column-gap-default\">\n\t\t\t\t\t<div class=\"elementor-column elementor-col-100 elementor-top-column elementor-element elementor-element-0607699\" data-id=\"0607699\" data-element_type=\"column\">\n\t\t\t<div class=\"elementor-widget-wrap elementor-element-populated\">\n\t\t\t\t\t\t\t\t<div class=\"elementor-element elementor-element-1007906 elementor-widget elementor-widget-image\" data-id=\"1007906\" data-element_type=\"widget\" data-widget_type=\"image.default\">\n\t\t\t\t<div class=\"elementor-widget-container\">\n\t\t\t\t\t\t\t\t\t\t\t\t\t\t\t<img loading=\"lazy\" decoding=\"async\" width=\"1640\" height=\"1093\" src=\"https:\/\/www.amplitudstudio.com\/wp-content\/uploads\/2023\/03\/proyecto-5-01.webp\" class=\"attachment-full size-full wp-image-2961\" alt=\"\" srcset=\"https:\/\/www.amplitudstudio.com\/wp-content\/uploads\/2023\/03\/proyecto-5-01.webp 1640w, https:\/\/www.amplitudstudio.com\/wp-content\/uploads\/2023\/03\/proyecto-5-01-300x200.webp 300w, https:\/\/www.amplitudstudio.com\/wp-content\/uploads\/2023\/03\/proyecto-5-01-1024x682.webp 1024w, https:\/\/www.amplitudstudio.com\/wp-content\/uploads\/2023\/03\/proyecto-5-01-768x512.webp 768w, https:\/\/www.amplitudstudio.com\/wp-content\/uploads\/2023\/03\/proyecto-5-01-1536x1024.webp 1536w\" sizes=\"auto, (max-width: 1640px) 100vw, 1640px\" \/>\t\t\t\t\t\t\t\t\t\t\t\t\t\t\t<\/div>\n\t\t\t\t<\/div>\n\t\t\t\t\t<\/div>\n\t\t<\/div>\n\t\t\t\t\t\t\t<\/div>\n\t\t<\/section>\n\t\t\t\t<section data-particle_enable=\"false\" data-particle-mobile-disabled=\"false\" class=\"elementor-section elementor-top-section elementor-element elementor-element-8b3691c elementor-section-boxed elementor-section-height-default elementor-section-height-default\" data-id=\"8b3691c\" data-element_type=\"section\">\n\t\t\t\t\t\t<div class=\"elementor-container elementor-column-gap-default\">\n\t\t\t\t\t<div class=\"elementor-column elementor-col-50 elementor-top-column elementor-element elementor-element-eaad747\" data-id=\"eaad747\" data-element_type=\"column\">\n\t\t\t<div class=\"elementor-widget-wrap elementor-element-populated\">\n\t\t\t\t\t\t\t\t<div class=\"elementor-element elementor-element-dad2123 proyectos-texto elementor-widget elementor-widget-text-editor\" data-id=\"dad2123\" data-element_type=\"widget\" data-widget_type=\"text-editor.default\">\n\t\t\t\t<div class=\"elementor-widget-container\">\n\t\t\t\t\t\t\t<p>Unim la sala d&#8217;estar amb una habitaci\u00f3 per a donar m\u00e9s protagonisme a aquest espai i redissenyem i ampliem la zona de la cuina.<\/p>\n<p>\nEs va realitzar una reforma integral de l&#8217;habitatge incloent els banys i la cuina.\n<\/p><p>\nCol\u00b7loquem un ascensor per a proporcionar un millor acc\u00e9s a les diferents plantes de la casa.<\/p>\n<p>\nDissenyem tot l&#8217;exterior de l&#8217;habitatge, reformant la piscina, les tarimes d&#8217;IPE per a exteriors i la col\u00b7locaci\u00f3 de la gespa artificial, reg i jardineria.\n<\/p><p>\nEn el projecte vam tenir molt en compte la ubicaci\u00f3 i les vistes des de l&#8217;habitatge.<\/p>\t\t\t\t\t\t<\/div>\n\t\t\t\t<\/div>\n\t\t\t\t\t<\/div>\n\t\t<\/div>\n\t\t\t\t<div class=\"elementor-column elementor-col-50 elementor-top-column elementor-element elementor-element-5c9af99\" data-id=\"5c9af99\" data-element_type=\"column\">\n\t\t\t<div class=\"elementor-widget-wrap elementor-element-populated\">\n\t\t\t\t\t\t\t\t<div class=\"elementor-element elementor-element-7cbaac3 elementor-widget elementor-widget-image\" data-id=\"7cbaac3\" data-element_type=\"widget\" data-widget_type=\"image.default\">\n\t\t\t\t<div class=\"elementor-widget-container\">\n\t\t\t\t\t\t\t\t\t\t\t\t\t\t\t<img loading=\"lazy\" decoding=\"async\" width=\"674\" height=\"1015\" src=\"https:\/\/www.amplitudstudio.com\/wp-content\/uploads\/2023\/03\/proyecto-5-02.webp\" class=\"attachment-full size-full wp-image-2964\" alt=\"\" srcset=\"https:\/\/www.amplitudstudio.com\/wp-content\/uploads\/2023\/03\/proyecto-5-02.webp 674w, https:\/\/www.amplitudstudio.com\/wp-content\/uploads\/2023\/03\/proyecto-5-02-199x300.webp 199w\" sizes=\"auto, (max-width: 674px) 100vw, 674px\" \/>\t\t\t\t\t\t\t\t\t\t\t\t\t\t\t<\/div>\n\t\t\t\t<\/div>\n\t\t\t\t\t<\/div>\n\t\t<\/div>\n\t\t\t\t\t\t\t<\/div>\n\t\t<\/section>\n\t\t\t\t<section data-particle_enable=\"false\" data-particle-mobile-disabled=\"false\" class=\"elementor-section elementor-top-section elementor-element elementor-element-06673ef elementor-section-boxed elementor-section-height-default elementor-section-height-default\" data-id=\"06673ef\" data-element_type=\"section\">\n\t\t\t\t\t\t<div class=\"elementor-container elementor-column-gap-default\">\n\t\t\t\t\t<div class=\"elementor-column elementor-col-50 elementor-top-column elementor-element elementor-element-7796141\" data-id=\"7796141\" data-element_type=\"column\">\n\t\t\t<div class=\"elementor-widget-wrap elementor-element-populated\">\n\t\t\t\t\t\t\t\t<div class=\"elementor-element elementor-element-7d614ec elementor-widget elementor-widget-image\" data-id=\"7d614ec\" data-element_type=\"widget\" data-widget_type=\"image.default\">\n\t\t\t\t<div class=\"elementor-widget-container\">\n\t\t\t\t\t\t\t\t\t\t\t\t\t\t\t<img loading=\"lazy\" decoding=\"async\" width=\"878\" height=\"889\" src=\"https:\/\/www.amplitudstudio.com\/wp-content\/uploads\/2023\/03\/casa-mirador-SV.png\" class=\"attachment-full size-full wp-image-3219\" alt=\"\" srcset=\"https:\/\/www.amplitudstudio.com\/wp-content\/uploads\/2023\/03\/casa-mirador-SV.png 878w, https:\/\/www.amplitudstudio.com\/wp-content\/uploads\/2023\/03\/casa-mirador-SV-296x300.png 296w, https:\/\/www.amplitudstudio.com\/wp-content\/uploads\/2023\/03\/casa-mirador-SV-768x778.png 768w\" sizes=\"auto, (max-width: 878px) 100vw, 878px\" \/>\t\t\t\t\t\t\t\t\t\t\t\t\t\t\t<\/div>\n\t\t\t\t<\/div>\n\t\t\t\t\t<\/div>\n\t\t<\/div>\n\t\t\t\t<div class=\"elementor-column elementor-col-50 elementor-top-column elementor-element elementor-element-5f42de7\" data-id=\"5f42de7\" data-element_type=\"column\">\n\t\t\t<div class=\"elementor-widget-wrap elementor-element-populated\">\n\t\t\t\t\t\t\t\t<div class=\"elementor-element elementor-element-fcdf1bf elementor-widget elementor-widget-image\" data-id=\"fcdf1bf\" data-element_type=\"widget\" data-widget_type=\"image.default\">\n\t\t\t\t<div class=\"elementor-widget-container\">\n\t\t\t\t\t\t\t\t\t\t\t\t\t\t\t<img loading=\"lazy\" decoding=\"async\" width=\"878\" height=\"889\" src=\"https:\/\/www.amplitudstudio.com\/wp-content\/uploads\/2023\/02\/casa-mirador-sv-2.webp\" class=\"attachment-full size-full wp-image-1300\" alt=\"\" srcset=\"https:\/\/www.amplitudstudio.com\/wp-content\/uploads\/2023\/02\/casa-mirador-sv-2.webp 878w, https:\/\/www.amplitudstudio.com\/wp-content\/uploads\/2023\/02\/casa-mirador-sv-2-296x300.webp 296w, https:\/\/www.amplitudstudio.com\/wp-content\/uploads\/2023\/02\/casa-mirador-sv-2-768x778.webp 768w\" sizes=\"auto, (max-width: 878px) 100vw, 878px\" \/>\t\t\t\t\t\t\t\t\t\t\t\t\t\t\t<\/div>\n\t\t\t\t<\/div>\n\t\t\t\t\t<\/div>\n\t\t<\/div>\n\t\t\t\t\t\t\t<\/div>\n\t\t<\/section>\n\t\t\t\t<section data-particle_enable=\"false\" data-particle-mobile-disabled=\"false\" class=\"elementor-section elementor-top-section elementor-element elementor-element-a5bbbd0 elementor-section-boxed elementor-section-height-default elementor-section-height-default\" data-id=\"a5bbbd0\" data-element_type=\"section\">\n\t\t\t\t\t\t<div class=\"elementor-container elementor-column-gap-default\">\n\t\t\t\t\t<div class=\"elementor-column elementor-col-100 elementor-top-column elementor-element elementor-element-8161664\" data-id=\"8161664\" data-element_type=\"column\">\n\t\t\t<div class=\"elementor-widget-wrap elementor-element-populated\">\n\t\t\t\t\t\t\t\t<div class=\"elementor-element elementor-element-526f7d7 elementor-widget elementor-widget-image\" data-id=\"526f7d7\" data-element_type=\"widget\" data-widget_type=\"image.default\">\n\t\t\t\t<div class=\"elementor-widget-container\">\n\t\t\t\t\t\t\t\t\t\t\t\t\t\t\t<img loading=\"lazy\" decoding=\"async\" width=\"1640\" height=\"1093\" src=\"https:\/\/www.amplitudstudio.com\/wp-content\/uploads\/2023\/03\/proyecto-5-03.webp\" class=\"attachment-full size-full wp-image-2967\" alt=\"\" srcset=\"https:\/\/www.amplitudstudio.com\/wp-content\/uploads\/2023\/03\/proyecto-5-03.webp 1640w, https:\/\/www.amplitudstudio.com\/wp-content\/uploads\/2023\/03\/proyecto-5-03-300x200.webp 300w, https:\/\/www.amplitudstudio.com\/wp-content\/uploads\/2023\/03\/proyecto-5-03-1024x682.webp 1024w, https:\/\/www.amplitudstudio.com\/wp-content\/uploads\/2023\/03\/proyecto-5-03-768x512.webp 768w, https:\/\/www.amplitudstudio.com\/wp-content\/uploads\/2023\/03\/proyecto-5-03-1536x1024.webp 1536w\" sizes=\"auto, (max-width: 1640px) 100vw, 1640px\" \/>\t\t\t\t\t\t\t\t\t\t\t\t\t\t\t<\/div>\n\t\t\t\t<\/div>\n\t\t\t\t\t<\/div>\n\t\t<\/div>\n\t\t\t\t\t\t\t<\/div>\n\t\t<\/section>\n\t\t\t\t\t\t\t<\/div>\n\t\t","protected":false},"excerpt":{"rendered":"<p>Casa El Mirador a Sant Vicen\u00e7 de Montalt Projecte de disseny, reforma i redistribuci\u00f3 dels espais Data: 2022 Client: Particular Unim la sala d&#8217;estar amb una habitaci\u00f3 per a donar m\u00e9s protagonisme a aquest espai i redissenyem i ampliem la zona de la cuina. Es va realitzar una reforma integral de l&#8217;habitatge incloent els banys &#8230; <a title=\"El Mirador a Sant Vicen\u00e7 de Montalt\" class=\"read-more\" href=\"https:\/\/www.amplitudstudio.com\/ca\/el-mirador-a-sant-vicenc-de-montalt\/\" aria-label=\"M\u00e9s sobre El Mirador a Sant Vicen\u00e7 de Montalt\">Llegiu m\u00e9s<\/a><\/p>\n","protected":false},"author":1,"featured_media":0,"parent":0,"menu_order":0,"comment_status":"closed","ping_status":"closed","template":"elementor_header_footer","meta":{"inline_featured_image":false,"footnotes":""},"class_list":["post-1607","page","type-page","status-publish"],"_links":{"self":[{"href":"https:\/\/www.amplitudstudio.com\/ca\/wp-json\/wp\/v2\/pages\/1607","targetHints":{"allow":["GET"]}}],"collection":[{"href":"https:\/\/www.amplitudstudio.com\/ca\/wp-json\/wp\/v2\/pages"}],"about":[{"href":"https:\/\/www.amplitudstudio.com\/ca\/wp-json\/wp\/v2\/types\/page"}],"author":[{"embeddable":true,"href":"https:\/\/www.amplitudstudio.com\/ca\/wp-json\/wp\/v2\/users\/1"}],"replies":[{"embeddable":true,"href":"https:\/\/www.amplitudstudio.com\/ca\/wp-json\/wp\/v2\/comments?post=1607"}],"version-history":[{"count":22,"href":"https:\/\/www.amplitudstudio.com\/ca\/wp-json\/wp\/v2\/pages\/1607\/revisions"}],"predecessor-version":[{"id":3497,"href":"https:\/\/www.amplitudstudio.com\/ca\/wp-json\/wp\/v2\/pages\/1607\/revisions\/3497"}],"wp:attachment":[{"href":"https:\/\/www.amplitudstudio.com\/ca\/wp-json\/wp\/v2\/media?parent=1607"}],"curies":[{"name":"wp","href":"https:\/\/api.w.org\/{rel}","templated":true}]}}