{"id":1606,"date":"2022-12-23T13:13:00","date_gmt":"2022-12-23T12:13:00","guid":{"rendered":"https:\/\/www.amplitudstudio.com\/proyecto-4\/"},"modified":"2023-03-21T13:54:31","modified_gmt":"2023-03-21T12:54:31","slug":"casa-senyorial-a-sant-vicenc-de-montalt","status":"publish","type":"page","link":"https:\/\/www.amplitudstudio.com\/ca\/casa-senyorial-a-sant-vicenc-de-montalt\/","title":{"rendered":"Casa senyorial a Sant Vicen\u00e7 de Montalt"},"content":{"rendered":"\t\t<div data-elementor-type=\"wp-page\" data-elementor-id=\"1606\" class=\"elementor elementor-1606 elementor-651\">\n\t\t\t\t\t\t\t\t\t<section data-particle_enable=\"false\" data-particle-mobile-disabled=\"false\" class=\"elementor-section elementor-top-section elementor-element elementor-element-18a41f87 elementor-section-content-bottom elementor-section-boxed elementor-section-height-default elementor-section-height-default\" data-id=\"18a41f87\" data-element_type=\"section\">\n\t\t\t\t\t\t<div class=\"elementor-container elementor-column-gap-default\">\n\t\t\t\t\t<div class=\"elementor-column elementor-col-50 elementor-top-column elementor-element elementor-element-5ef817f1\" data-id=\"5ef817f1\" data-element_type=\"column\">\n\t\t\t<div class=\"elementor-widget-wrap elementor-element-populated\">\n\t\t\t\t\t\t\t\t<div class=\"elementor-element elementor-element-7ce41202 elementor-widget elementor-widget-image\" data-id=\"7ce41202\" data-element_type=\"widget\" data-widget_type=\"image.default\">\n\t\t\t\t<div class=\"elementor-widget-container\">\n\t\t\t<style>\/*! elementor - v3.13.3 - 28-05-2023 *\/\n.elementor-widget-image{text-align:center}.elementor-widget-image a{display:inline-block}.elementor-widget-image a img[src$=\".svg\"]{width:48px}.elementor-widget-image img{vertical-align:middle;display:inline-block}<\/style>\t\t\t\t\t\t\t\t\t\t\t\t<img loading=\"lazy\" decoding=\"async\" width=\"878\" height=\"889\" src=\"https:\/\/www.amplitudstudio.com\/wp-content\/uploads\/2023\/03\/proyecto-4.webp\" class=\"attachment-large size-large wp-image-2934\" alt=\"\" srcset=\"https:\/\/www.amplitudstudio.com\/wp-content\/uploads\/2023\/03\/proyecto-4.webp 878w, https:\/\/www.amplitudstudio.com\/wp-content\/uploads\/2023\/03\/proyecto-4-296x300.webp 296w, https:\/\/www.amplitudstudio.com\/wp-content\/uploads\/2023\/03\/proyecto-4-768x778.webp 768w\" sizes=\"auto, (max-width: 878px) 100vw, 878px\" \/>\t\t\t\t\t\t\t\t\t\t\t\t\t\t\t<\/div>\n\t\t\t\t<\/div>\n\t\t\t\t\t<\/div>\n\t\t<\/div>\n\t\t\t\t<div class=\"elementor-column elementor-col-50 elementor-top-column elementor-element elementor-element-79d562ca\" data-id=\"79d562ca\" data-element_type=\"column\">\n\t\t\t<div class=\"elementor-widget-wrap elementor-element-populated\">\n\t\t\t\t\t\t\t\t<div class=\"elementor-element elementor-element-30dbba9a elementor-widget elementor-widget-heading\" data-id=\"30dbba9a\" data-element_type=\"widget\" data-widget_type=\"heading.default\">\n\t\t\t\t<div class=\"elementor-widget-container\">\n\t\t\t<style>\/*! elementor - v3.13.3 - 28-05-2023 *\/\n.elementor-heading-title{padding:0;margin:0;line-height:1}.elementor-widget-heading .elementor-heading-title[class*=elementor-size-]>a{color:inherit;font-size:inherit;line-height:inherit}.elementor-widget-heading .elementor-heading-title.elementor-size-small{font-size:15px}.elementor-widget-heading .elementor-heading-title.elementor-size-medium{font-size:19px}.elementor-widget-heading .elementor-heading-title.elementor-size-large{font-size:29px}.elementor-widget-heading .elementor-heading-title.elementor-size-xl{font-size:39px}.elementor-widget-heading .elementor-heading-title.elementor-size-xxl{font-size:59px}<\/style><h1 class=\"elementor-heading-title elementor-size-default\">Casa senyorial<br> a Sant Vicen\u00e7 de Montalt\n<\/h1>\t\t<\/div>\n\t\t\t\t<\/div>\n\t\t\t\t<div class=\"elementor-element elementor-element-4a5f3fb7 elementor-widget elementor-widget-heading\" data-id=\"4a5f3fb7\" data-element_type=\"widget\" data-widget_type=\"heading.default\">\n\t\t\t\t<div class=\"elementor-widget-container\">\n\t\t\t<h2 class=\"elementor-heading-title elementor-size-default\">Construcci\u00f3 i reforma integral amb ampliaci\u00f3 d'estructura\n<\/h2>\t\t<\/div>\n\t\t\t\t<\/div>\n\t\t\t\t<section data-particle_enable=\"false\" data-particle-mobile-disabled=\"false\" class=\"elementor-section elementor-inner-section elementor-element elementor-element-8141634 elementor-section-boxed elementor-section-height-default elementor-section-height-default\" data-id=\"8141634\" data-element_type=\"section\">\n\t\t\t\t\t\t<div class=\"elementor-container elementor-column-gap-default\">\n\t\t\t\t\t<div class=\"elementor-column elementor-col-50 elementor-inner-column elementor-element elementor-element-aa737ae\" data-id=\"aa737ae\" data-element_type=\"column\">\n\t\t\t<div class=\"elementor-widget-wrap elementor-element-populated\">\n\t\t\t\t\t\t\t\t<div class=\"elementor-element elementor-element-a61d730 elementor-widget elementor-widget-text-editor\" data-id=\"a61d730\" data-element_type=\"widget\" data-widget_type=\"text-editor.default\">\n\t\t\t\t<div class=\"elementor-widget-container\">\n\t\t\t<style>\/*! elementor - v3.13.3 - 28-05-2023 *\/\n.elementor-widget-text-editor.elementor-drop-cap-view-stacked .elementor-drop-cap{background-color:#69727d;color:#fff}.elementor-widget-text-editor.elementor-drop-cap-view-framed .elementor-drop-cap{color:#69727d;border:3px solid;background-color:transparent}.elementor-widget-text-editor:not(.elementor-drop-cap-view-default) .elementor-drop-cap{margin-top:8px}.elementor-widget-text-editor:not(.elementor-drop-cap-view-default) .elementor-drop-cap-letter{width:1em;height:1em}.elementor-widget-text-editor .elementor-drop-cap{float:left;text-align:center;line-height:1;font-size:50px}.elementor-widget-text-editor .elementor-drop-cap-letter{display:inline-block}<\/style>\t\t\t\t<p>Data:<br \/>2023<\/p>\t\t\t\t\t\t<\/div>\n\t\t\t\t<\/div>\n\t\t\t\t\t<\/div>\n\t\t<\/div>\n\t\t\t\t<div class=\"elementor-column elementor-col-50 elementor-inner-column elementor-element elementor-element-4bf1057\" data-id=\"4bf1057\" data-element_type=\"column\">\n\t\t\t<div class=\"elementor-widget-wrap elementor-element-populated\">\n\t\t\t\t\t\t\t\t<div class=\"elementor-element elementor-element-028c9fe elementor-widget elementor-widget-text-editor\" data-id=\"028c9fe\" data-element_type=\"widget\" data-widget_type=\"text-editor.default\">\n\t\t\t\t<div class=\"elementor-widget-container\">\n\t\t\t\t\t\t\t<p>Client:<br \/>Particular<\/p>\t\t\t\t\t\t<\/div>\n\t\t\t\t<\/div>\n\t\t\t\t\t<\/div>\n\t\t<\/div>\n\t\t\t\t\t\t\t<\/div>\n\t\t<\/section>\n\t\t\t\t\t<\/div>\n\t\t<\/div>\n\t\t\t\t\t\t\t<\/div>\n\t\t<\/section>\n\t\t\t\t<section data-particle_enable=\"false\" data-particle-mobile-disabled=\"false\" class=\"elementor-section elementor-top-section elementor-element elementor-element-b7c3a93 elementor-section-boxed elementor-section-height-default elementor-section-height-default\" data-id=\"b7c3a93\" data-element_type=\"section\">\n\t\t\t\t\t\t<div class=\"elementor-container elementor-column-gap-default\">\n\t\t\t\t\t<div class=\"elementor-column elementor-col-50 elementor-top-column elementor-element elementor-element-0607699\" data-id=\"0607699\" data-element_type=\"column\">\n\t\t\t<div class=\"elementor-widget-wrap elementor-element-populated\">\n\t\t\t\t\t\t\t\t<div class=\"elementor-element elementor-element-1007906 elementor-widget elementor-widget-image\" data-id=\"1007906\" data-element_type=\"widget\" data-widget_type=\"image.default\">\n\t\t\t\t<div class=\"elementor-widget-container\">\n\t\t\t\t\t\t\t\t\t\t\t\t\t\t\t<img loading=\"lazy\" decoding=\"async\" width=\"878\" height=\"889\" src=\"https:\/\/www.amplitudstudio.com\/wp-content\/uploads\/2023\/03\/proyecto-4-01.webp\" class=\"attachment-full size-full wp-image-2937\" alt=\"\" srcset=\"https:\/\/www.amplitudstudio.com\/wp-content\/uploads\/2023\/03\/proyecto-4-01.webp 878w, https:\/\/www.amplitudstudio.com\/wp-content\/uploads\/2023\/03\/proyecto-4-01-296x300.webp 296w, https:\/\/www.amplitudstudio.com\/wp-content\/uploads\/2023\/03\/proyecto-4-01-768x778.webp 768w\" sizes=\"auto, (max-width: 878px) 100vw, 878px\" \/>\t\t\t\t\t\t\t\t\t\t\t\t\t\t\t<\/div>\n\t\t\t\t<\/div>\n\t\t\t\t\t<\/div>\n\t\t<\/div>\n\t\t\t\t<div class=\"elementor-column elementor-col-50 elementor-top-column elementor-element elementor-element-a538d9e\" data-id=\"a538d9e\" data-element_type=\"column\">\n\t\t\t<div class=\"elementor-widget-wrap elementor-element-populated\">\n\t\t\t\t\t\t\t\t<div class=\"elementor-element elementor-element-26b39de elementor-widget elementor-widget-image\" data-id=\"26b39de\" data-element_type=\"widget\" data-widget_type=\"image.default\">\n\t\t\t\t<div class=\"elementor-widget-container\">\n\t\t\t\t\t\t\t\t\t\t\t\t\t\t\t<img loading=\"lazy\" decoding=\"async\" width=\"878\" height=\"889\" src=\"https:\/\/www.amplitudstudio.com\/wp-content\/uploads\/2023\/03\/proyecto-4-02.webp\" class=\"attachment-full size-full wp-image-2940\" alt=\"\" srcset=\"https:\/\/www.amplitudstudio.com\/wp-content\/uploads\/2023\/03\/proyecto-4-02.webp 878w, https:\/\/www.amplitudstudio.com\/wp-content\/uploads\/2023\/03\/proyecto-4-02-296x300.webp 296w, https:\/\/www.amplitudstudio.com\/wp-content\/uploads\/2023\/03\/proyecto-4-02-768x778.webp 768w\" sizes=\"auto, (max-width: 878px) 100vw, 878px\" \/>\t\t\t\t\t\t\t\t\t\t\t\t\t\t\t<\/div>\n\t\t\t\t<\/div>\n\t\t\t\t\t<\/div>\n\t\t<\/div>\n\t\t\t\t\t\t\t<\/div>\n\t\t<\/section>\n\t\t\t\t<section data-particle_enable=\"false\" data-particle-mobile-disabled=\"false\" class=\"elementor-section elementor-top-section elementor-element elementor-element-9a14b3b elementor-section-boxed elementor-section-height-default elementor-section-height-default\" data-id=\"9a14b3b\" data-element_type=\"section\">\n\t\t\t\t\t\t<div class=\"elementor-container elementor-column-gap-default\">\n\t\t\t\t\t<div class=\"elementor-column elementor-col-50 elementor-top-column elementor-element elementor-element-783ee06\" data-id=\"783ee06\" data-element_type=\"column\">\n\t\t\t<div class=\"elementor-widget-wrap elementor-element-populated\">\n\t\t\t\t\t\t\t\t<div class=\"elementor-element elementor-element-f3e650d elementor-widget elementor-widget-image\" data-id=\"f3e650d\" data-element_type=\"widget\" data-widget_type=\"image.default\">\n\t\t\t\t<div class=\"elementor-widget-container\">\n\t\t\t\t\t\t\t\t\t\t\t\t\t\t\t<img loading=\"lazy\" decoding=\"async\" width=\"878\" height=\"889\" src=\"https:\/\/www.amplitudstudio.com\/wp-content\/uploads\/2023\/02\/casa-palacio.webp\" class=\"attachment-full size-full wp-image-1306\" alt=\"\" srcset=\"https:\/\/www.amplitudstudio.com\/wp-content\/uploads\/2023\/02\/casa-palacio.webp 878w, https:\/\/www.amplitudstudio.com\/wp-content\/uploads\/2023\/02\/casa-palacio-296x300.webp 296w, https:\/\/www.amplitudstudio.com\/wp-content\/uploads\/2023\/02\/casa-palacio-768x778.webp 768w\" sizes=\"auto, (max-width: 878px) 100vw, 878px\" \/>\t\t\t\t\t\t\t\t\t\t\t\t\t\t\t<\/div>\n\t\t\t\t<\/div>\n\t\t\t\t\t<\/div>\n\t\t<\/div>\n\t\t\t\t<div class=\"elementor-column elementor-col-50 elementor-top-column elementor-element elementor-element-2f32f3c\" data-id=\"2f32f3c\" data-element_type=\"column\">\n\t\t\t<div class=\"elementor-widget-wrap elementor-element-populated\">\n\t\t\t\t\t\t\t\t<div class=\"elementor-element elementor-element-b389f66 elementor-widget elementor-widget-image\" data-id=\"b389f66\" data-element_type=\"widget\" data-widget_type=\"image.default\">\n\t\t\t\t<div class=\"elementor-widget-container\">\n\t\t\t\t\t\t\t\t\t\t\t\t\t\t\t<img loading=\"lazy\" decoding=\"async\" width=\"878\" height=\"889\" src=\"https:\/\/www.amplitudstudio.com\/wp-content\/uploads\/2023\/02\/casa-palacio-2.webp\" class=\"attachment-full size-full wp-image-1309\" alt=\"\" srcset=\"https:\/\/www.amplitudstudio.com\/wp-content\/uploads\/2023\/02\/casa-palacio-2.webp 878w, https:\/\/www.amplitudstudio.com\/wp-content\/uploads\/2023\/02\/casa-palacio-2-296x300.webp 296w, https:\/\/www.amplitudstudio.com\/wp-content\/uploads\/2023\/02\/casa-palacio-2-768x778.webp 768w\" sizes=\"auto, (max-width: 878px) 100vw, 878px\" \/>\t\t\t\t\t\t\t\t\t\t\t\t\t\t\t<\/div>\n\t\t\t\t<\/div>\n\t\t\t\t\t<\/div>\n\t\t<\/div>\n\t\t\t\t\t\t\t<\/div>\n\t\t<\/section>\n\t\t\t\t<section data-particle_enable=\"false\" data-particle-mobile-disabled=\"false\" class=\"elementor-section elementor-top-section elementor-element elementor-element-8b3691c elementor-section-boxed elementor-section-height-default elementor-section-height-default\" data-id=\"8b3691c\" data-element_type=\"section\">\n\t\t\t\t\t\t<div class=\"elementor-container elementor-column-gap-default\">\n\t\t\t\t\t<div class=\"elementor-column elementor-col-50 elementor-top-column elementor-element elementor-element-eaad747\" data-id=\"eaad747\" data-element_type=\"column\">\n\t\t\t<div class=\"elementor-widget-wrap elementor-element-populated\">\n\t\t\t\t\t\t\t\t<div class=\"elementor-element elementor-element-7cbaac3 elementor-widget elementor-widget-image\" data-id=\"7cbaac3\" data-element_type=\"widget\" data-widget_type=\"image.default\">\n\t\t\t\t<div class=\"elementor-widget-container\">\n\t\t\t\t\t\t\t\t\t\t\t\t\t\t\t<img loading=\"lazy\" decoding=\"async\" width=\"878\" height=\"889\" src=\"https:\/\/www.amplitudstudio.com\/wp-content\/uploads\/2023\/03\/proyecto-4-03.webp\" class=\"attachment-full size-full wp-image-2943\" alt=\"\" srcset=\"https:\/\/www.amplitudstudio.com\/wp-content\/uploads\/2023\/03\/proyecto-4-03.webp 878w, https:\/\/www.amplitudstudio.com\/wp-content\/uploads\/2023\/03\/proyecto-4-03-296x300.webp 296w, https:\/\/www.amplitudstudio.com\/wp-content\/uploads\/2023\/03\/proyecto-4-03-768x778.webp 768w\" sizes=\"auto, (max-width: 878px) 100vw, 878px\" \/>\t\t\t\t\t\t\t\t\t\t\t\t\t\t\t<\/div>\n\t\t\t\t<\/div>\n\t\t\t\t\t<\/div>\n\t\t<\/div>\n\t\t\t\t<div class=\"elementor-column elementor-col-50 elementor-top-column elementor-element elementor-element-5c9af99\" data-id=\"5c9af99\" data-element_type=\"column\">\n\t\t\t<div class=\"elementor-widget-wrap elementor-element-populated\">\n\t\t\t\t\t\t\t\t<div class=\"elementor-element elementor-element-aa6875e elementor-widget elementor-widget-image\" data-id=\"aa6875e\" data-element_type=\"widget\" data-widget_type=\"image.default\">\n\t\t\t\t<div class=\"elementor-widget-container\">\n\t\t\t\t\t\t\t\t\t\t\t\t\t\t\t<img loading=\"lazy\" decoding=\"async\" width=\"878\" height=\"889\" src=\"https:\/\/www.amplitudstudio.com\/wp-content\/uploads\/2023\/03\/proyecto-4-04.webp\" class=\"attachment-full size-full wp-image-2946\" alt=\"\" srcset=\"https:\/\/www.amplitudstudio.com\/wp-content\/uploads\/2023\/03\/proyecto-4-04.webp 878w, https:\/\/www.amplitudstudio.com\/wp-content\/uploads\/2023\/03\/proyecto-4-04-296x300.webp 296w, https:\/\/www.amplitudstudio.com\/wp-content\/uploads\/2023\/03\/proyecto-4-04-768x778.webp 768w\" sizes=\"auto, (max-width: 878px) 100vw, 878px\" \/>\t\t\t\t\t\t\t\t\t\t\t\t\t\t\t<\/div>\n\t\t\t\t<\/div>\n\t\t\t\t\t<\/div>\n\t\t<\/div>\n\t\t\t\t\t\t\t<\/div>\n\t\t<\/section>\n\t\t\t\t<section data-particle_enable=\"false\" data-particle-mobile-disabled=\"false\" class=\"elementor-section elementor-top-section elementor-element elementor-element-56ed1ed elementor-section-boxed elementor-section-height-default elementor-section-height-default\" data-id=\"56ed1ed\" data-element_type=\"section\">\n\t\t\t\t\t\t<div class=\"elementor-container elementor-column-gap-default\">\n\t\t\t\t\t<div class=\"elementor-column elementor-col-100 elementor-top-column elementor-element elementor-element-5926f54\" data-id=\"5926f54\" data-element_type=\"column\">\n\t\t\t<div class=\"elementor-widget-wrap elementor-element-populated\">\n\t\t\t\t\t\t\t\t<div class=\"elementor-element elementor-element-2526083 proyectos-texto elementor-widget elementor-widget-text-editor\" data-id=\"2526083\" data-element_type=\"widget\" data-widget_type=\"text-editor.default\">\n\t\t\t\t<div class=\"elementor-widget-container\">\n\t\t\t\t\t\t\t<p>Hem treballat en el disseny interior dels espais de la cuina, els banys i la fusteria per al bar, els armaris, les portes i el mobiliari del sal\u00f3.<\/p>\n<p>Per a la reordenaci\u00f3 dels espais exteriors hem realitzat el moviment de terres necessari que ha perm\u00e8s ampliar els espais exteriors d&#8217;acord amb les necessitats del client.<\/p>\n<p>Hem ampliat l&#8217;estructura de la casa amb bigues met\u00e0l\u00b7liques i forjats col\u00b7laborants.<\/p>\n<p>Hem fet els treballs de paleteria de tota la casa i els envans utilitzant material Pladur.<\/p>\n<p>Hem decorat la fa\u00e7ana amb aplacats de pedra.<\/p>\n<p>Hem actualitzat totes les instal\u00b7lacions, fent servir sistemes m\u00e9s sostenibles com l&#8217;aerotermia, s\u00f2ls radiants, aires condicionats amb bombes de calor i plaques fotovoltaiques.<\/p>\n<p>\nHem fet els treballs de disseny i jardineria amb una zona barbacoa, construcci\u00f3 de la piscina i tarimes confrontants.<\/p>\t\t\t\t\t\t<\/div>\n\t\t\t\t<\/div>\n\t\t\t\t\t<\/div>\n\t\t<\/div>\n\t\t\t\t\t\t\t<\/div>\n\t\t<\/section>\n\t\t\t\t\t\t\t<\/div>\n\t\t","protected":false},"excerpt":{"rendered":"<p>Casa senyorial a Sant Vicen\u00e7 de Montalt Construcci\u00f3 i reforma integral amb ampliaci\u00f3 d&#8217;estructura Data: 2023 Client: Particular Hem treballat en el disseny interior dels espais de la cuina, els banys i la fusteria per al bar, els armaris, les portes i el mobiliari del sal\u00f3. Per a la reordenaci\u00f3 dels espais exteriors hem realitzat &#8230; <a title=\"Casa senyorial a Sant Vicen\u00e7 de Montalt\" class=\"read-more\" href=\"https:\/\/www.amplitudstudio.com\/ca\/casa-senyorial-a-sant-vicenc-de-montalt\/\" aria-label=\"M\u00e9s sobre Casa senyorial a Sant Vicen\u00e7 de Montalt\">Llegiu m\u00e9s<\/a><\/p>\n","protected":false},"author":1,"featured_media":0,"parent":0,"menu_order":0,"comment_status":"closed","ping_status":"closed","template":"elementor_header_footer","meta":{"inline_featured_image":false,"footnotes":""},"class_list":["post-1606","page","type-page","status-publish"],"_links":{"self":[{"href":"https:\/\/www.amplitudstudio.com\/ca\/wp-json\/wp\/v2\/pages\/1606","targetHints":{"allow":["GET"]}}],"collection":[{"href":"https:\/\/www.amplitudstudio.com\/ca\/wp-json\/wp\/v2\/pages"}],"about":[{"href":"https:\/\/www.amplitudstudio.com\/ca\/wp-json\/wp\/v2\/types\/page"}],"author":[{"embeddable":true,"href":"https:\/\/www.amplitudstudio.com\/ca\/wp-json\/wp\/v2\/users\/1"}],"replies":[{"embeddable":true,"href":"https:\/\/www.amplitudstudio.com\/ca\/wp-json\/wp\/v2\/comments?post=1606"}],"version-history":[{"count":27,"href":"https:\/\/www.amplitudstudio.com\/ca\/wp-json\/wp\/v2\/pages\/1606\/revisions"}],"predecessor-version":[{"id":3488,"href":"https:\/\/www.amplitudstudio.com\/ca\/wp-json\/wp\/v2\/pages\/1606\/revisions\/3488"}],"wp:attachment":[{"href":"https:\/\/www.amplitudstudio.com\/ca\/wp-json\/wp\/v2\/media?parent=1606"}],"curies":[{"name":"wp","href":"https:\/\/api.w.org\/{rel}","templated":true}]}}