{"id":1605,"date":"2022-12-23T13:12:56","date_gmt":"2022-12-23T12:12:56","guid":{"rendered":"https:\/\/www.amplitudstudio.com\/proyecto-3\/"},"modified":"2023-03-21T13:51:14","modified_gmt":"2023-03-21T12:51:14","slug":"casa-mediterrania-a-sant-vicenc-de-montalt","status":"publish","type":"page","link":"https:\/\/www.amplitudstudio.com\/ca\/casa-mediterrania-a-sant-vicenc-de-montalt\/","title":{"rendered":"Casa mediterr\u00e0nia a Sant Vicen\u00e7 de Montalt"},"content":{"rendered":"\t\t<div data-elementor-type=\"wp-page\" data-elementor-id=\"1605\" class=\"elementor elementor-1605 elementor-650\">\n\t\t\t\t\t\t\t\t\t<section data-particle_enable=\"false\" data-particle-mobile-disabled=\"false\" class=\"elementor-section elementor-top-section elementor-element elementor-element-18a41f87 elementor-section-content-bottom elementor-section-boxed elementor-section-height-default elementor-section-height-default\" data-id=\"18a41f87\" data-element_type=\"section\">\n\t\t\t\t\t\t<div class=\"elementor-container elementor-column-gap-default\">\n\t\t\t\t\t<div class=\"elementor-column elementor-col-50 elementor-top-column elementor-element elementor-element-5ef817f1\" data-id=\"5ef817f1\" data-element_type=\"column\">\n\t\t\t<div class=\"elementor-widget-wrap elementor-element-populated\">\n\t\t\t\t\t\t\t\t<div class=\"elementor-element elementor-element-7ce41202 elementor-widget elementor-widget-image\" data-id=\"7ce41202\" data-element_type=\"widget\" data-widget_type=\"image.default\">\n\t\t\t\t<div class=\"elementor-widget-container\">\n\t\t\t<style>\/*! elementor - v3.13.3 - 28-05-2023 *\/\n.elementor-widget-image{text-align:center}.elementor-widget-image a{display:inline-block}.elementor-widget-image a img[src$=\".svg\"]{width:48px}.elementor-widget-image img{vertical-align:middle;display:inline-block}<\/style>\t\t\t\t\t\t\t\t\t\t\t\t<img loading=\"lazy\" decoding=\"async\" width=\"878\" height=\"889\" src=\"https:\/\/www.amplitudstudio.com\/wp-content\/uploads\/2023\/03\/proyecto-3.webp\" class=\"attachment-large size-large wp-image-2904\" alt=\"\" srcset=\"https:\/\/www.amplitudstudio.com\/wp-content\/uploads\/2023\/03\/proyecto-3.webp 878w, https:\/\/www.amplitudstudio.com\/wp-content\/uploads\/2023\/03\/proyecto-3-296x300.webp 296w, https:\/\/www.amplitudstudio.com\/wp-content\/uploads\/2023\/03\/proyecto-3-768x778.webp 768w\" sizes=\"auto, (max-width: 878px) 100vw, 878px\" \/>\t\t\t\t\t\t\t\t\t\t\t\t\t\t\t<\/div>\n\t\t\t\t<\/div>\n\t\t\t\t\t<\/div>\n\t\t<\/div>\n\t\t\t\t<div class=\"elementor-column elementor-col-50 elementor-top-column elementor-element elementor-element-79d562ca\" data-id=\"79d562ca\" data-element_type=\"column\">\n\t\t\t<div class=\"elementor-widget-wrap elementor-element-populated\">\n\t\t\t\t\t\t\t\t<div class=\"elementor-element elementor-element-30dbba9a elementor-widget elementor-widget-heading\" data-id=\"30dbba9a\" data-element_type=\"widget\" data-widget_type=\"heading.default\">\n\t\t\t\t<div class=\"elementor-widget-container\">\n\t\t\t<style>\/*! elementor - v3.13.3 - 28-05-2023 *\/\n.elementor-heading-title{padding:0;margin:0;line-height:1}.elementor-widget-heading .elementor-heading-title[class*=elementor-size-]>a{color:inherit;font-size:inherit;line-height:inherit}.elementor-widget-heading .elementor-heading-title.elementor-size-small{font-size:15px}.elementor-widget-heading .elementor-heading-title.elementor-size-medium{font-size:19px}.elementor-widget-heading .elementor-heading-title.elementor-size-large{font-size:29px}.elementor-widget-heading .elementor-heading-title.elementor-size-xl{font-size:39px}.elementor-widget-heading .elementor-heading-title.elementor-size-xxl{font-size:59px}<\/style><h1 class=\"elementor-heading-title elementor-size-default\">Casa mediterr\u00e0nia <br>a Sant Vicen\u00e7 de Montalt<\/h1>\t\t<\/div>\n\t\t\t\t<\/div>\n\t\t\t\t<div class=\"elementor-element elementor-element-4a5f3fb7 elementor-widget elementor-widget-heading\" data-id=\"4a5f3fb7\" data-element_type=\"widget\" data-widget_type=\"heading.default\">\n\t\t\t\t<div class=\"elementor-widget-container\">\n\t\t\t<h2 class=\"elementor-heading-title elementor-size-default\">Projecte de disseny i reforma integral amb ampliaci\u00f3 dels metres quadrats habitables\n<\/h2>\t\t<\/div>\n\t\t\t\t<\/div>\n\t\t\t\t<section data-particle_enable=\"false\" data-particle-mobile-disabled=\"false\" class=\"elementor-section elementor-inner-section elementor-element elementor-element-8141634 elementor-section-boxed elementor-section-height-default elementor-section-height-default\" data-id=\"8141634\" data-element_type=\"section\">\n\t\t\t\t\t\t<div class=\"elementor-container elementor-column-gap-default\">\n\t\t\t\t\t<div class=\"elementor-column elementor-col-50 elementor-inner-column elementor-element elementor-element-aa737ae\" data-id=\"aa737ae\" data-element_type=\"column\">\n\t\t\t<div class=\"elementor-widget-wrap elementor-element-populated\">\n\t\t\t\t\t\t\t\t<div class=\"elementor-element elementor-element-a61d730 elementor-widget elementor-widget-text-editor\" data-id=\"a61d730\" data-element_type=\"widget\" data-widget_type=\"text-editor.default\">\n\t\t\t\t<div class=\"elementor-widget-container\">\n\t\t\t<style>\/*! elementor - v3.13.3 - 28-05-2023 *\/\n.elementor-widget-text-editor.elementor-drop-cap-view-stacked .elementor-drop-cap{background-color:#69727d;color:#fff}.elementor-widget-text-editor.elementor-drop-cap-view-framed .elementor-drop-cap{color:#69727d;border:3px solid;background-color:transparent}.elementor-widget-text-editor:not(.elementor-drop-cap-view-default) .elementor-drop-cap{margin-top:8px}.elementor-widget-text-editor:not(.elementor-drop-cap-view-default) .elementor-drop-cap-letter{width:1em;height:1em}.elementor-widget-text-editor .elementor-drop-cap{float:left;text-align:center;line-height:1;font-size:50px}.elementor-widget-text-editor .elementor-drop-cap-letter{display:inline-block}<\/style>\t\t\t\tData:<br>\n2023\t\t\t\t\t\t<\/div>\n\t\t\t\t<\/div>\n\t\t\t\t\t<\/div>\n\t\t<\/div>\n\t\t\t\t<div class=\"elementor-column elementor-col-50 elementor-inner-column elementor-element elementor-element-4bf1057\" data-id=\"4bf1057\" data-element_type=\"column\">\n\t\t\t<div class=\"elementor-widget-wrap elementor-element-populated\">\n\t\t\t\t\t\t\t\t<div class=\"elementor-element elementor-element-028c9fe elementor-widget elementor-widget-text-editor\" data-id=\"028c9fe\" data-element_type=\"widget\" data-widget_type=\"text-editor.default\">\n\t\t\t\t<div class=\"elementor-widget-container\">\n\t\t\t\t\t\t\t<p>Client:<br \/>Particular<\/p>\t\t\t\t\t\t<\/div>\n\t\t\t\t<\/div>\n\t\t\t\t\t<\/div>\n\t\t<\/div>\n\t\t\t\t\t\t\t<\/div>\n\t\t<\/section>\n\t\t\t\t\t<\/div>\n\t\t<\/div>\n\t\t\t\t\t\t\t<\/div>\n\t\t<\/section>\n\t\t\t\t<section data-particle_enable=\"false\" data-particle-mobile-disabled=\"false\" class=\"elementor-section elementor-top-section elementor-element elementor-element-b7c3a93 elementor-section-boxed elementor-section-height-default elementor-section-height-default\" data-id=\"b7c3a93\" data-element_type=\"section\">\n\t\t\t\t\t\t<div class=\"elementor-container elementor-column-gap-default\">\n\t\t\t\t\t<div class=\"elementor-column elementor-col-50 elementor-top-column elementor-element elementor-element-0607699\" data-id=\"0607699\" data-element_type=\"column\">\n\t\t\t<div class=\"elementor-widget-wrap elementor-element-populated\">\n\t\t\t\t\t\t\t\t<div class=\"elementor-element elementor-element-1007906 elementor-widget elementor-widget-image\" data-id=\"1007906\" data-element_type=\"widget\" data-widget_type=\"image.default\">\n\t\t\t\t<div class=\"elementor-widget-container\">\n\t\t\t\t\t\t\t\t\t\t\t\t\t\t\t<img loading=\"lazy\" decoding=\"async\" width=\"878\" height=\"889\" src=\"https:\/\/www.amplitudstudio.com\/wp-content\/uploads\/2023\/03\/proyecto-3-01.webp\" class=\"attachment-full size-full wp-image-2907\" alt=\"\" srcset=\"https:\/\/www.amplitudstudio.com\/wp-content\/uploads\/2023\/03\/proyecto-3-01.webp 878w, https:\/\/www.amplitudstudio.com\/wp-content\/uploads\/2023\/03\/proyecto-3-01-296x300.webp 296w, https:\/\/www.amplitudstudio.com\/wp-content\/uploads\/2023\/03\/proyecto-3-01-768x778.webp 768w\" sizes=\"auto, (max-width: 878px) 100vw, 878px\" \/>\t\t\t\t\t\t\t\t\t\t\t\t\t\t\t<\/div>\n\t\t\t\t<\/div>\n\t\t\t\t\t<\/div>\n\t\t<\/div>\n\t\t\t\t<div class=\"elementor-column elementor-col-50 elementor-top-column elementor-element elementor-element-a538d9e\" data-id=\"a538d9e\" data-element_type=\"column\">\n\t\t\t<div class=\"elementor-widget-wrap elementor-element-populated\">\n\t\t\t\t\t\t\t\t<div class=\"elementor-element elementor-element-26b39de elementor-widget elementor-widget-image\" data-id=\"26b39de\" data-element_type=\"widget\" data-widget_type=\"image.default\">\n\t\t\t\t<div class=\"elementor-widget-container\">\n\t\t\t\t\t\t\t\t\t\t\t\t\t\t\t<img loading=\"lazy\" decoding=\"async\" width=\"878\" height=\"889\" src=\"https:\/\/www.amplitudstudio.com\/wp-content\/uploads\/2023\/03\/proyecto-3-02.webp\" class=\"attachment-full size-full wp-image-2910\" alt=\"\" srcset=\"https:\/\/www.amplitudstudio.com\/wp-content\/uploads\/2023\/03\/proyecto-3-02.webp 878w, https:\/\/www.amplitudstudio.com\/wp-content\/uploads\/2023\/03\/proyecto-3-02-296x300.webp 296w, https:\/\/www.amplitudstudio.com\/wp-content\/uploads\/2023\/03\/proyecto-3-02-768x778.webp 768w\" sizes=\"auto, (max-width: 878px) 100vw, 878px\" \/>\t\t\t\t\t\t\t\t\t\t\t\t\t\t\t<\/div>\n\t\t\t\t<\/div>\n\t\t\t\t\t<\/div>\n\t\t<\/div>\n\t\t\t\t\t\t\t<\/div>\n\t\t<\/section>\n\t\t\t\t<section data-particle_enable=\"false\" data-particle-mobile-disabled=\"false\" class=\"elementor-section elementor-top-section elementor-element elementor-element-8b3691c elementor-section-boxed elementor-section-height-default elementor-section-height-default\" data-id=\"8b3691c\" data-element_type=\"section\">\n\t\t\t\t\t\t<div class=\"elementor-container elementor-column-gap-default\">\n\t\t\t\t\t<div class=\"elementor-column elementor-col-50 elementor-top-column elementor-element elementor-element-eaad747\" data-id=\"eaad747\" data-element_type=\"column\">\n\t\t\t<div class=\"elementor-widget-wrap elementor-element-populated\">\n\t\t\t\t\t\t\t\t<div class=\"elementor-element elementor-element-7cbaac3 elementor-widget elementor-widget-image\" data-id=\"7cbaac3\" data-element_type=\"widget\" data-widget_type=\"image.default\">\n\t\t\t\t<div class=\"elementor-widget-container\">\n\t\t\t\t\t\t\t\t\t\t\t\t\t\t\t<img loading=\"lazy\" decoding=\"async\" width=\"878\" height=\"889\" src=\"https:\/\/www.amplitudstudio.com\/wp-content\/uploads\/2023\/03\/proyecto-3-03.webp\" class=\"attachment-full size-full wp-image-2913\" alt=\"\" srcset=\"https:\/\/www.amplitudstudio.com\/wp-content\/uploads\/2023\/03\/proyecto-3-03.webp 878w, https:\/\/www.amplitudstudio.com\/wp-content\/uploads\/2023\/03\/proyecto-3-03-296x300.webp 296w, https:\/\/www.amplitudstudio.com\/wp-content\/uploads\/2023\/03\/proyecto-3-03-768x778.webp 768w\" sizes=\"auto, (max-width: 878px) 100vw, 878px\" \/>\t\t\t\t\t\t\t\t\t\t\t\t\t\t\t<\/div>\n\t\t\t\t<\/div>\n\t\t\t\t\t<\/div>\n\t\t<\/div>\n\t\t\t\t<div class=\"elementor-column elementor-col-50 elementor-top-column elementor-element elementor-element-5c9af99\" data-id=\"5c9af99\" data-element_type=\"column\">\n\t\t\t<div class=\"elementor-widget-wrap elementor-element-populated\">\n\t\t\t\t\t\t\t\t<div class=\"elementor-element elementor-element-f9c7a56 elementor-widget elementor-widget-image\" data-id=\"f9c7a56\" data-element_type=\"widget\" data-widget_type=\"image.default\">\n\t\t\t\t<div class=\"elementor-widget-container\">\n\t\t\t\t\t\t\t\t\t\t\t\t\t\t\t<img loading=\"lazy\" decoding=\"async\" width=\"878\" height=\"889\" src=\"https:\/\/www.amplitudstudio.com\/wp-content\/uploads\/2023\/03\/proyecto-3-04.webp\" class=\"attachment-full size-full wp-image-2916\" alt=\"\" srcset=\"https:\/\/www.amplitudstudio.com\/wp-content\/uploads\/2023\/03\/proyecto-3-04.webp 878w, https:\/\/www.amplitudstudio.com\/wp-content\/uploads\/2023\/03\/proyecto-3-04-296x300.webp 296w, https:\/\/www.amplitudstudio.com\/wp-content\/uploads\/2023\/03\/proyecto-3-04-768x778.webp 768w\" sizes=\"auto, (max-width: 878px) 100vw, 878px\" \/>\t\t\t\t\t\t\t\t\t\t\t\t\t\t\t<\/div>\n\t\t\t\t<\/div>\n\t\t\t\t\t<\/div>\n\t\t<\/div>\n\t\t\t\t\t\t\t<\/div>\n\t\t<\/section>\n\t\t\t\t<section data-particle_enable=\"false\" data-particle-mobile-disabled=\"false\" class=\"elementor-section elementor-top-section elementor-element elementor-element-67608db elementor-section-boxed elementor-section-height-default elementor-section-height-default\" data-id=\"67608db\" data-element_type=\"section\">\n\t\t\t\t\t\t<div class=\"elementor-container elementor-column-gap-default\">\n\t\t\t\t\t<div class=\"elementor-column elementor-col-50 elementor-top-column elementor-element elementor-element-3f433f6\" data-id=\"3f433f6\" data-element_type=\"column\">\n\t\t\t<div class=\"elementor-widget-wrap elementor-element-populated\">\n\t\t\t\t\t\t\t\t<div class=\"elementor-element elementor-element-75af688 elementor-widget elementor-widget-image\" data-id=\"75af688\" data-element_type=\"widget\" data-widget_type=\"image.default\">\n\t\t\t\t<div class=\"elementor-widget-container\">\n\t\t\t\t\t\t\t\t\t\t\t\t\t\t\t<img loading=\"lazy\" decoding=\"async\" width=\"878\" height=\"889\" src=\"https:\/\/www.amplitudstudio.com\/wp-content\/uploads\/2023\/03\/proyecto-3-05.webp\" class=\"attachment-full size-full wp-image-2919\" alt=\"\" srcset=\"https:\/\/www.amplitudstudio.com\/wp-content\/uploads\/2023\/03\/proyecto-3-05.webp 878w, https:\/\/www.amplitudstudio.com\/wp-content\/uploads\/2023\/03\/proyecto-3-05-296x300.webp 296w, https:\/\/www.amplitudstudio.com\/wp-content\/uploads\/2023\/03\/proyecto-3-05-768x778.webp 768w\" sizes=\"auto, (max-width: 878px) 100vw, 878px\" \/>\t\t\t\t\t\t\t\t\t\t\t\t\t\t\t<\/div>\n\t\t\t\t<\/div>\n\t\t\t\t\t<\/div>\n\t\t<\/div>\n\t\t\t\t<div class=\"elementor-column elementor-col-50 elementor-top-column elementor-element elementor-element-93e9c00\" data-id=\"93e9c00\" data-element_type=\"column\">\n\t\t\t<div class=\"elementor-widget-wrap elementor-element-populated\">\n\t\t\t\t\t\t\t\t<div class=\"elementor-element elementor-element-d2637be elementor-widget elementor-widget-image\" data-id=\"d2637be\" data-element_type=\"widget\" data-widget_type=\"image.default\">\n\t\t\t\t<div class=\"elementor-widget-container\">\n\t\t\t\t\t\t\t\t\t\t\t\t\t\t\t<img loading=\"lazy\" decoding=\"async\" width=\"878\" height=\"889\" src=\"https:\/\/www.amplitudstudio.com\/wp-content\/uploads\/2023\/03\/proyecto-3-06.webp\" class=\"attachment-full size-full wp-image-2922\" alt=\"\" srcset=\"https:\/\/www.amplitudstudio.com\/wp-content\/uploads\/2023\/03\/proyecto-3-06.webp 878w, https:\/\/www.amplitudstudio.com\/wp-content\/uploads\/2023\/03\/proyecto-3-06-296x300.webp 296w, https:\/\/www.amplitudstudio.com\/wp-content\/uploads\/2023\/03\/proyecto-3-06-768x778.webp 768w\" sizes=\"auto, (max-width: 878px) 100vw, 878px\" \/>\t\t\t\t\t\t\t\t\t\t\t\t\t\t\t<\/div>\n\t\t\t\t<\/div>\n\t\t\t\t\t<\/div>\n\t\t<\/div>\n\t\t\t\t\t\t\t<\/div>\n\t\t<\/section>\n\t\t\t\t<section data-particle_enable=\"false\" data-particle-mobile-disabled=\"false\" class=\"elementor-section elementor-top-section elementor-element elementor-element-56ed1ed elementor-section-boxed elementor-section-height-default elementor-section-height-default\" data-id=\"56ed1ed\" data-element_type=\"section\">\n\t\t\t\t\t\t<div class=\"elementor-container elementor-column-gap-default\">\n\t\t\t\t\t<div class=\"elementor-column elementor-col-100 elementor-top-column elementor-element elementor-element-5926f54\" data-id=\"5926f54\" data-element_type=\"column\">\n\t\t\t<div class=\"elementor-widget-wrap elementor-element-populated\">\n\t\t\t\t\t\t\t\t<div class=\"elementor-element elementor-element-2526083 proyectos-texto elementor-widget elementor-widget-text-editor\" data-id=\"2526083\" data-element_type=\"widget\" data-widget_type=\"text-editor.default\">\n\t\t\t\t<div class=\"elementor-widget-container\">\n\t\t\t\t\t\t\t<p>Hem redistribu\u00eft els espais i ampliat el sal\u00f3 executant una reforma integral de totes les estades de la casa utilitzant sempre materials de gran qualitat, amb tons suaus que harmonitzen amb el resultat desitjat pel client.<\/p>\n<p>En cuines i banys hem treballat amb materials porcell\u00e0nics, fustes naturals i laques.<\/p>\n<p>\nHem reformat de manera integral les instal\u00b7lacions, fent servir sistemes m\u00e9s sostenibles com l&#8217;aerotermia, s\u00f2ls radiants, aires condicionats amb bombes de calor i plaques fotovoltaiques.<\/p>\t\t\t\t\t\t<\/div>\n\t\t\t\t<\/div>\n\t\t\t\t\t<\/div>\n\t\t<\/div>\n\t\t\t\t\t\t\t<\/div>\n\t\t<\/section>\n\t\t\t\t\t\t\t<\/div>\n\t\t","protected":false},"excerpt":{"rendered":"<p>Casa mediterr\u00e0nia a Sant Vicen\u00e7 de Montalt Projecte de disseny i reforma integral amb ampliaci\u00f3 dels metres quadrats habitables Data: 2023 Client: Particular Hem redistribu\u00eft els espais i ampliat el sal\u00f3 executant una reforma integral de totes les estades de la casa utilitzant sempre materials de gran qualitat, amb tons suaus que harmonitzen amb el &#8230; <a title=\"Casa mediterr\u00e0nia a Sant Vicen\u00e7 de Montalt\" class=\"read-more\" href=\"https:\/\/www.amplitudstudio.com\/ca\/casa-mediterrania-a-sant-vicenc-de-montalt\/\" aria-label=\"M\u00e9s sobre Casa mediterr\u00e0nia a Sant Vicen\u00e7 de Montalt\">Llegiu m\u00e9s<\/a><\/p>\n","protected":false},"author":1,"featured_media":0,"parent":0,"menu_order":0,"comment_status":"closed","ping_status":"closed","template":"","meta":{"inline_featured_image":false,"footnotes":""},"class_list":["post-1605","page","type-page","status-publish"],"_links":{"self":[{"href":"https:\/\/www.amplitudstudio.com\/ca\/wp-json\/wp\/v2\/pages\/1605","targetHints":{"allow":["GET"]}}],"collection":[{"href":"https:\/\/www.amplitudstudio.com\/ca\/wp-json\/wp\/v2\/pages"}],"about":[{"href":"https:\/\/www.amplitudstudio.com\/ca\/wp-json\/wp\/v2\/types\/page"}],"author":[{"embeddable":true,"href":"https:\/\/www.amplitudstudio.com\/ca\/wp-json\/wp\/v2\/users\/1"}],"replies":[{"embeddable":true,"href":"https:\/\/www.amplitudstudio.com\/ca\/wp-json\/wp\/v2\/comments?post=1605"}],"version-history":[{"count":18,"href":"https:\/\/www.amplitudstudio.com\/ca\/wp-json\/wp\/v2\/pages\/1605\/revisions"}],"predecessor-version":[{"id":3482,"href":"https:\/\/www.amplitudstudio.com\/ca\/wp-json\/wp\/v2\/pages\/1605\/revisions\/3482"}],"wp:attachment":[{"href":"https:\/\/www.amplitudstudio.com\/ca\/wp-json\/wp\/v2\/media?parent=1605"}],"curies":[{"name":"wp","href":"https:\/\/api.w.org\/{rel}","templated":true}]}}