{"id":1603,"date":"2022-12-23T12:08:03","date_gmt":"2022-12-23T11:08:03","guid":{"rendered":"https:\/\/www.amplitudstudio.com\/proyecto-1\/"},"modified":"2023-03-21T13:52:53","modified_gmt":"2023-03-21T12:52:53","slug":"casa-moderna-a-mataro","status":"publish","type":"page","link":"https:\/\/www.amplitudstudio.com\/ca\/casa-moderna-a-mataro\/","title":{"rendered":"Casa moderna a Matar\u00f3"},"content":{"rendered":"\t\t<div data-elementor-type=\"wp-page\" data-elementor-id=\"1603\" class=\"elementor elementor-1603 elementor-625\">\n\t\t\t\t\t\t\t\t\t<section data-particle_enable=\"false\" data-particle-mobile-disabled=\"false\" class=\"elementor-section elementor-top-section elementor-element elementor-element-18a41f87 elementor-section-content-bottom elementor-section-boxed elementor-section-height-default elementor-section-height-default\" data-id=\"18a41f87\" data-element_type=\"section\">\n\t\t\t\t\t\t<div class=\"elementor-container elementor-column-gap-default\">\n\t\t\t\t\t<div class=\"elementor-column elementor-col-50 elementor-top-column elementor-element elementor-element-5ef817f1\" data-id=\"5ef817f1\" data-element_type=\"column\">\n\t\t\t<div class=\"elementor-widget-wrap elementor-element-populated\">\n\t\t\t\t\t\t\t\t<div class=\"elementor-element elementor-element-7ce41202 elementor-widget elementor-widget-image\" data-id=\"7ce41202\" data-element_type=\"widget\" data-widget_type=\"image.default\">\n\t\t\t\t<div class=\"elementor-widget-container\">\n\t\t\t<style>\/*! elementor - v3.13.3 - 28-05-2023 *\/\n.elementor-widget-image{text-align:center}.elementor-widget-image a{display:inline-block}.elementor-widget-image a img[src$=\".svg\"]{width:48px}.elementor-widget-image img{vertical-align:middle;display:inline-block}<\/style>\t\t\t\t\t\t\t\t\t\t\t\t<img loading=\"lazy\" decoding=\"async\" width=\"878\" height=\"889\" src=\"https:\/\/www.amplitudstudio.com\/wp-content\/uploads\/2023\/03\/Proyecto-1.webp\" class=\"attachment-large size-large wp-image-2857\" alt=\"\" srcset=\"https:\/\/www.amplitudstudio.com\/wp-content\/uploads\/2023\/03\/Proyecto-1.webp 878w, https:\/\/www.amplitudstudio.com\/wp-content\/uploads\/2023\/03\/Proyecto-1-296x300.webp 296w, https:\/\/www.amplitudstudio.com\/wp-content\/uploads\/2023\/03\/Proyecto-1-768x778.webp 768w\" sizes=\"auto, (max-width: 878px) 100vw, 878px\" \/>\t\t\t\t\t\t\t\t\t\t\t\t\t\t\t<\/div>\n\t\t\t\t<\/div>\n\t\t\t\t\t<\/div>\n\t\t<\/div>\n\t\t\t\t<div class=\"elementor-column elementor-col-50 elementor-top-column elementor-element elementor-element-79d562ca\" data-id=\"79d562ca\" data-element_type=\"column\">\n\t\t\t<div class=\"elementor-widget-wrap elementor-element-populated\">\n\t\t\t\t\t\t\t\t<div class=\"elementor-element elementor-element-30dbba9a elementor-widget elementor-widget-heading\" data-id=\"30dbba9a\" data-element_type=\"widget\" data-widget_type=\"heading.default\">\n\t\t\t\t<div class=\"elementor-widget-container\">\n\t\t\t<style>\/*! elementor - v3.13.3 - 28-05-2023 *\/\n.elementor-heading-title{padding:0;margin:0;line-height:1}.elementor-widget-heading .elementor-heading-title[class*=elementor-size-]>a{color:inherit;font-size:inherit;line-height:inherit}.elementor-widget-heading .elementor-heading-title.elementor-size-small{font-size:15px}.elementor-widget-heading .elementor-heading-title.elementor-size-medium{font-size:19px}.elementor-widget-heading .elementor-heading-title.elementor-size-large{font-size:29px}.elementor-widget-heading .elementor-heading-title.elementor-size-xl{font-size:39px}.elementor-widget-heading .elementor-heading-title.elementor-size-xxl{font-size:59px}<\/style><h1 class=\"elementor-heading-title elementor-size-default\">Casa moderna a Matar\u00f3<\/h1>\t\t<\/div>\n\t\t\t\t<\/div>\n\t\t\t\t<div class=\"elementor-element elementor-element-4a5f3fb7 elementor-widget elementor-widget-heading\" data-id=\"4a5f3fb7\" data-element_type=\"widget\" data-widget_type=\"heading.default\">\n\t\t\t\t<div class=\"elementor-widget-container\">\n\t\t\t<h2 class=\"elementor-heading-title elementor-size-default\">Obra nova, disseny interior i construcci\u00f3 de vivenda situada a Matar\u00f3<\/h2>\t\t<\/div>\n\t\t\t\t<\/div>\n\t\t\t\t<section data-particle_enable=\"false\" data-particle-mobile-disabled=\"false\" class=\"elementor-section elementor-inner-section elementor-element elementor-element-8141634 elementor-section-boxed elementor-section-height-default elementor-section-height-default\" data-id=\"8141634\" data-element_type=\"section\">\n\t\t\t\t\t\t<div class=\"elementor-container elementor-column-gap-default\">\n\t\t\t\t\t<div class=\"elementor-column elementor-col-50 elementor-inner-column elementor-element elementor-element-aa737ae\" data-id=\"aa737ae\" data-element_type=\"column\">\n\t\t\t<div class=\"elementor-widget-wrap elementor-element-populated\">\n\t\t\t\t\t\t\t\t<div class=\"elementor-element elementor-element-a61d730 elementor-widget elementor-widget-text-editor\" data-id=\"a61d730\" data-element_type=\"widget\" data-widget_type=\"text-editor.default\">\n\t\t\t\t<div class=\"elementor-widget-container\">\n\t\t\t<style>\/*! elementor - v3.13.3 - 28-05-2023 *\/\n.elementor-widget-text-editor.elementor-drop-cap-view-stacked .elementor-drop-cap{background-color:#69727d;color:#fff}.elementor-widget-text-editor.elementor-drop-cap-view-framed .elementor-drop-cap{color:#69727d;border:3px solid;background-color:transparent}.elementor-widget-text-editor:not(.elementor-drop-cap-view-default) .elementor-drop-cap{margin-top:8px}.elementor-widget-text-editor:not(.elementor-drop-cap-view-default) .elementor-drop-cap-letter{width:1em;height:1em}.elementor-widget-text-editor .elementor-drop-cap{float:left;text-align:center;line-height:1;font-size:50px}.elementor-widget-text-editor .elementor-drop-cap-letter{display:inline-block}<\/style>\t\t\t\tFecha:<br>\n2021\t\t\t\t\t\t<\/div>\n\t\t\t\t<\/div>\n\t\t\t\t\t<\/div>\n\t\t<\/div>\n\t\t\t\t<div class=\"elementor-column elementor-col-50 elementor-inner-column elementor-element elementor-element-4bf1057\" data-id=\"4bf1057\" data-element_type=\"column\">\n\t\t\t<div class=\"elementor-widget-wrap elementor-element-populated\">\n\t\t\t\t\t\t\t\t<div class=\"elementor-element elementor-element-028c9fe elementor-widget elementor-widget-text-editor\" data-id=\"028c9fe\" data-element_type=\"widget\" data-widget_type=\"text-editor.default\">\n\t\t\t\t<div class=\"elementor-widget-container\">\n\t\t\t\t\t\t\tCliente:<br>\nParticular\t\t\t\t\t\t<\/div>\n\t\t\t\t<\/div>\n\t\t\t\t\t<\/div>\n\t\t<\/div>\n\t\t\t\t\t\t\t<\/div>\n\t\t<\/section>\n\t\t\t\t\t<\/div>\n\t\t<\/div>\n\t\t\t\t\t\t\t<\/div>\n\t\t<\/section>\n\t\t\t\t<section data-particle_enable=\"false\" data-particle-mobile-disabled=\"false\" class=\"elementor-section elementor-top-section elementor-element elementor-element-b7c3a93 elementor-section-boxed elementor-section-height-default elementor-section-height-default\" data-id=\"b7c3a93\" data-element_type=\"section\">\n\t\t\t\t\t\t<div class=\"elementor-container elementor-column-gap-default\">\n\t\t\t\t\t<div class=\"elementor-column elementor-col-50 elementor-top-column elementor-element elementor-element-0607699\" data-id=\"0607699\" data-element_type=\"column\">\n\t\t\t<div class=\"elementor-widget-wrap elementor-element-populated\">\n\t\t\t\t\t\t\t\t<div class=\"elementor-element elementor-element-1007906 elementor-widget elementor-widget-image\" data-id=\"1007906\" data-element_type=\"widget\" data-widget_type=\"image.default\">\n\t\t\t\t<div class=\"elementor-widget-container\">\n\t\t\t\t\t\t\t\t\t\t\t\t\t\t\t<img loading=\"lazy\" decoding=\"async\" width=\"878\" height=\"889\" src=\"https:\/\/www.amplitudstudio.com\/wp-content\/uploads\/2023\/03\/Proyecto-1-01.webp\" class=\"attachment-full size-full wp-image-2860\" alt=\"\" srcset=\"https:\/\/www.amplitudstudio.com\/wp-content\/uploads\/2023\/03\/Proyecto-1-01.webp 878w, https:\/\/www.amplitudstudio.com\/wp-content\/uploads\/2023\/03\/Proyecto-1-01-296x300.webp 296w, https:\/\/www.amplitudstudio.com\/wp-content\/uploads\/2023\/03\/Proyecto-1-01-768x778.webp 768w\" sizes=\"auto, (max-width: 878px) 100vw, 878px\" \/>\t\t\t\t\t\t\t\t\t\t\t\t\t\t\t<\/div>\n\t\t\t\t<\/div>\n\t\t\t\t\t<\/div>\n\t\t<\/div>\n\t\t\t\t<div class=\"elementor-column elementor-col-50 elementor-top-column elementor-element elementor-element-a538d9e\" data-id=\"a538d9e\" data-element_type=\"column\">\n\t\t\t<div class=\"elementor-widget-wrap elementor-element-populated\">\n\t\t\t\t\t\t\t\t<div class=\"elementor-element elementor-element-9881c56 elementor-widget elementor-widget-image\" data-id=\"9881c56\" data-element_type=\"widget\" data-widget_type=\"image.default\">\n\t\t\t\t<div class=\"elementor-widget-container\">\n\t\t\t\t\t\t\t\t\t\t\t\t\t\t\t<img loading=\"lazy\" decoding=\"async\" width=\"878\" height=\"889\" src=\"https:\/\/www.amplitudstudio.com\/wp-content\/uploads\/2023\/02\/casa-moderna-mataro.webp\" class=\"attachment-full size-full wp-image-1303\" alt=\"\" srcset=\"https:\/\/www.amplitudstudio.com\/wp-content\/uploads\/2023\/02\/casa-moderna-mataro.webp 878w, https:\/\/www.amplitudstudio.com\/wp-content\/uploads\/2023\/02\/casa-moderna-mataro-296x300.webp 296w, https:\/\/www.amplitudstudio.com\/wp-content\/uploads\/2023\/02\/casa-moderna-mataro-768x778.webp 768w\" sizes=\"auto, (max-width: 878px) 100vw, 878px\" \/>\t\t\t\t\t\t\t\t\t\t\t\t\t\t\t<\/div>\n\t\t\t\t<\/div>\n\t\t\t\t\t<\/div>\n\t\t<\/div>\n\t\t\t\t\t\t\t<\/div>\n\t\t<\/section>\n\t\t\t\t<section data-particle_enable=\"false\" data-particle-mobile-disabled=\"false\" class=\"elementor-section elementor-top-section elementor-element elementor-element-8b3691c elementor-section-boxed elementor-section-height-default elementor-section-height-default\" data-id=\"8b3691c\" data-element_type=\"section\">\n\t\t\t\t\t\t<div class=\"elementor-container elementor-column-gap-default\">\n\t\t\t\t\t<div class=\"elementor-column elementor-col-50 elementor-top-column elementor-element elementor-element-eaad747\" data-id=\"eaad747\" data-element_type=\"column\">\n\t\t\t<div class=\"elementor-widget-wrap elementor-element-populated\">\n\t\t\t\t\t\t\t\t<div class=\"elementor-element elementor-element-7cbaac3 elementor-widget elementor-widget-image\" data-id=\"7cbaac3\" data-element_type=\"widget\" data-widget_type=\"image.default\">\n\t\t\t\t<div class=\"elementor-widget-container\">\n\t\t\t\t\t\t\t\t\t\t\t\t\t\t\t<img loading=\"lazy\" decoding=\"async\" width=\"878\" height=\"889\" src=\"https:\/\/www.amplitudstudio.com\/wp-content\/uploads\/2023\/03\/proyecto-1-03.jpg\" class=\"attachment-full size-full wp-image-3192\" alt=\"\" srcset=\"https:\/\/www.amplitudstudio.com\/wp-content\/uploads\/2023\/03\/proyecto-1-03.jpg 878w, https:\/\/www.amplitudstudio.com\/wp-content\/uploads\/2023\/03\/proyecto-1-03-296x300.jpg 296w, https:\/\/www.amplitudstudio.com\/wp-content\/uploads\/2023\/03\/proyecto-1-03-768x778.jpg 768w\" sizes=\"auto, (max-width: 878px) 100vw, 878px\" \/>\t\t\t\t\t\t\t\t\t\t\t\t\t\t\t<\/div>\n\t\t\t\t<\/div>\n\t\t\t\t\t<\/div>\n\t\t<\/div>\n\t\t\t\t<div class=\"elementor-column elementor-col-50 elementor-top-column elementor-element elementor-element-5c9af99\" data-id=\"5c9af99\" data-element_type=\"column\">\n\t\t\t<div class=\"elementor-widget-wrap elementor-element-populated\">\n\t\t\t\t\t\t\t\t<div class=\"elementor-element elementor-element-26b39de elementor-widget elementor-widget-image\" data-id=\"26b39de\" data-element_type=\"widget\" data-widget_type=\"image.default\">\n\t\t\t\t<div class=\"elementor-widget-container\">\n\t\t\t\t\t\t\t\t\t\t\t\t\t\t\t<img loading=\"lazy\" decoding=\"async\" width=\"878\" height=\"889\" src=\"https:\/\/www.amplitudstudio.com\/wp-content\/uploads\/2023\/03\/proyecto-1-02.jpg\" class=\"attachment-full size-full wp-image-3189\" alt=\"\" srcset=\"https:\/\/www.amplitudstudio.com\/wp-content\/uploads\/2023\/03\/proyecto-1-02.jpg 878w, https:\/\/www.amplitudstudio.com\/wp-content\/uploads\/2023\/03\/proyecto-1-02-296x300.jpg 296w, https:\/\/www.amplitudstudio.com\/wp-content\/uploads\/2023\/03\/proyecto-1-02-768x778.jpg 768w\" sizes=\"auto, (max-width: 878px) 100vw, 878px\" \/>\t\t\t\t\t\t\t\t\t\t\t\t\t\t\t<\/div>\n\t\t\t\t<\/div>\n\t\t\t\t\t<\/div>\n\t\t<\/div>\n\t\t\t\t\t\t\t<\/div>\n\t\t<\/section>\n\t\t\t\t<section data-particle_enable=\"false\" data-particle-mobile-disabled=\"false\" class=\"elementor-section elementor-top-section elementor-element elementor-element-56ed1ed elementor-section-boxed elementor-section-height-default elementor-section-height-default\" data-id=\"56ed1ed\" data-element_type=\"section\">\n\t\t\t\t\t\t<div class=\"elementor-container elementor-column-gap-default\">\n\t\t\t\t\t<div class=\"elementor-column elementor-col-100 elementor-top-column elementor-element elementor-element-5926f54\" data-id=\"5926f54\" data-element_type=\"column\">\n\t\t\t<div class=\"elementor-widget-wrap elementor-element-populated\">\n\t\t\t\t\t\t\t\t<div class=\"elementor-element elementor-element-2526083 proyectos-texto elementor-widget elementor-widget-text-editor\" data-id=\"2526083\" data-element_type=\"widget\" data-widget_type=\"text-editor.default\">\n\t\t\t\t<div class=\"elementor-widget-container\">\n\t\t\t\t\t\t\t<p>Ens hem encarregat del disseny de mobiliari. Per a la construcci\u00f3 de la cuina hem utilitzat material de la marca F\u00e8nix per a les portes i material porcel\u00e1nico de la casa Dekton per a les plaques de cocci\u00f3.<\/p><p>Tamb\u00e9 hem dissenyat i constru\u00eft la tarima exterior de la piscina.<\/p>\t\t\t\t\t\t<\/div>\n\t\t\t\t<\/div>\n\t\t\t\t\t<\/div>\n\t\t<\/div>\n\t\t\t\t\t\t\t<\/div>\n\t\t<\/section>\n\t\t\t\t\t\t\t<\/div>\n\t\t","protected":false},"excerpt":{"rendered":"<p>Casa moderna a Matar\u00f3 Obra nova, disseny interior i construcci\u00f3 de vivenda situada a Matar\u00f3 Fecha: 2021Cliente: Particular Ens hem encarregat del disseny de mobiliari. Per a la construcci\u00f3 de la cuina hem utilitzat material de la marca F\u00e8nix per a les portes i material porcel\u00e1nico de la casa Dekton per a les plaques de &#8230; <a title=\"Casa moderna a Matar\u00f3\" class=\"read-more\" href=\"https:\/\/www.amplitudstudio.com\/ca\/casa-moderna-a-mataro\/\" aria-label=\"M\u00e9s sobre Casa moderna a Matar\u00f3\">Llegiu m\u00e9s<\/a><\/p>\n","protected":false},"author":1,"featured_media":0,"parent":0,"menu_order":0,"comment_status":"closed","ping_status":"closed","template":"elementor_header_footer","meta":{"inline_featured_image":false,"footnotes":""},"class_list":["post-1603","page","type-page","status-publish"],"_links":{"self":[{"href":"https:\/\/www.amplitudstudio.com\/ca\/wp-json\/wp\/v2\/pages\/1603","targetHints":{"allow":["GET"]}}],"collection":[{"href":"https:\/\/www.amplitudstudio.com\/ca\/wp-json\/wp\/v2\/pages"}],"about":[{"href":"https:\/\/www.amplitudstudio.com\/ca\/wp-json\/wp\/v2\/types\/page"}],"author":[{"embeddable":true,"href":"https:\/\/www.amplitudstudio.com\/ca\/wp-json\/wp\/v2\/users\/1"}],"replies":[{"embeddable":true,"href":"https:\/\/www.amplitudstudio.com\/ca\/wp-json\/wp\/v2\/comments?post=1603"}],"version-history":[{"count":44,"href":"https:\/\/www.amplitudstudio.com\/ca\/wp-json\/wp\/v2\/pages\/1603\/revisions"}],"predecessor-version":[{"id":3485,"href":"https:\/\/www.amplitudstudio.com\/ca\/wp-json\/wp\/v2\/pages\/1603\/revisions\/3485"}],"wp:attachment":[{"href":"https:\/\/www.amplitudstudio.com\/ca\/wp-json\/wp\/v2\/media?parent=1603"}],"curies":[{"name":"wp","href":"https:\/\/api.w.org\/{rel}","templated":true}]}}