{"id":1602,"date":"2022-12-21T20:08:13","date_gmt":"2022-12-21T19:08:13","guid":{"rendered":"https:\/\/www.amplitudstudio.com\/sobre-nosotros\/"},"modified":"2023-03-29T12:05:36","modified_gmt":"2023-03-29T11:05:36","slug":"sobre-nosaltres","status":"publish","type":"page","link":"https:\/\/www.amplitudstudio.com\/ca\/sobre-nosaltres\/","title":{"rendered":"Sobre nosaltres"},"content":{"rendered":"\t\t<div data-elementor-type=\"wp-page\" data-elementor-id=\"1602\" class=\"elementor elementor-1602 elementor-171\">\n\t\t\t\t\t\t\t\t\t<section data-particle_enable=\"false\" data-particle-mobile-disabled=\"false\" class=\"elementor-section elementor-top-section elementor-element elementor-element-0d71323 elementor-section-boxed elementor-section-height-default elementor-section-height-default\" data-id=\"0d71323\" data-element_type=\"section\">\n\t\t\t\t\t\t<div class=\"elementor-container elementor-column-gap-no\">\n\t\t\t\t\t<div class=\"elementor-column elementor-col-50 elementor-top-column elementor-element elementor-element-b0e3396\" data-id=\"b0e3396\" data-element_type=\"column\" data-settings=\"{&quot;background_background&quot;:&quot;classic&quot;}\">\n\t\t\t<div class=\"elementor-widget-wrap elementor-element-populated\">\n\t\t\t\t\t\t\t\t<div class=\"elementor-element elementor-element-ababd9b elementor-widget elementor-widget-image\" data-id=\"ababd9b\" data-element_type=\"widget\" data-widget_type=\"image.default\">\n\t\t\t\t<div class=\"elementor-widget-container\">\n\t\t\t<style>\/*! elementor - v3.13.3 - 28-05-2023 *\/\n.elementor-widget-image{text-align:center}.elementor-widget-image a{display:inline-block}.elementor-widget-image a img[src$=\".svg\"]{width:48px}.elementor-widget-image img{vertical-align:middle;display:inline-block}<\/style>\t\t\t\t\t\t\t\t\t\t\t\t<img loading=\"lazy\" decoding=\"async\" width=\"980\" height=\"980\" src=\"https:\/\/www.amplitudstudio.com\/wp-content\/uploads\/2023\/02\/quienes_somos.webp\" class=\"attachment-large size-large wp-image-1551\" alt=\"\" srcset=\"https:\/\/www.amplitudstudio.com\/wp-content\/uploads\/2023\/02\/quienes_somos.webp 980w, https:\/\/www.amplitudstudio.com\/wp-content\/uploads\/2023\/02\/quienes_somos-300x300.webp 300w, https:\/\/www.amplitudstudio.com\/wp-content\/uploads\/2023\/02\/quienes_somos-150x150.webp 150w, https:\/\/www.amplitudstudio.com\/wp-content\/uploads\/2023\/02\/quienes_somos-768x768.webp 768w\" sizes=\"auto, (max-width: 980px) 100vw, 980px\" \/>\t\t\t\t\t\t\t\t\t\t\t\t\t\t\t<\/div>\n\t\t\t\t<\/div>\n\t\t\t\t\t<\/div>\n\t\t<\/div>\n\t\t\t\t<div class=\"elementor-column elementor-col-50 elementor-top-column elementor-element elementor-element-4ac37e4\" data-id=\"4ac37e4\" data-element_type=\"column\" data-settings=\"{&quot;background_background&quot;:&quot;classic&quot;}\">\n\t\t\t<div class=\"elementor-widget-wrap elementor-element-populated\">\n\t\t\t\t\t\t\t\t<div class=\"elementor-element elementor-element-bb56215 elementor-widget elementor-widget-text-editor\" data-id=\"bb56215\" data-element_type=\"widget\" data-widget_type=\"text-editor.default\">\n\t\t\t\t<div class=\"elementor-widget-container\">\n\t\t\t<style>\/*! elementor - v3.13.3 - 28-05-2023 *\/\n.elementor-widget-text-editor.elementor-drop-cap-view-stacked .elementor-drop-cap{background-color:#69727d;color:#fff}.elementor-widget-text-editor.elementor-drop-cap-view-framed .elementor-drop-cap{color:#69727d;border:3px solid;background-color:transparent}.elementor-widget-text-editor:not(.elementor-drop-cap-view-default) .elementor-drop-cap{margin-top:8px}.elementor-widget-text-editor:not(.elementor-drop-cap-view-default) .elementor-drop-cap-letter{width:1em;height:1em}.elementor-widget-text-editor .elementor-drop-cap{float:left;text-align:center;line-height:1;font-size:50px}.elementor-widget-text-editor .elementor-drop-cap-letter{display:inline-block}<\/style>\t\t\t\tEstem especialitzats en projectes de construcci\u00f3 i reformes d&#8217;habitatges, naus industrials i locals. Oferim solucions personalitzades a les necessitats de cada client, des d&#8217;una reforma d&#8217;una part de l&#8217;habitatge, bany, sal\u00f3, cuina i terrassa fins a una obra completa comen\u00e7ant per l&#8217;elecci\u00f3 del terreny.\n<br><br>\nLa decisi\u00f3 de renovar un espai sorgeix quan les necessitats i gustos de les persones que viuen o treballen en ell evolucionen i s\u00f3n diferents a cada moment. Nosaltres ens encarregarem del disseny, la construcci\u00f3 o reforma de l&#8217;obra facilitant tots els recursos perqu\u00e8 puguis gaudir del proc\u00e9s.\t\t\t\t\t\t<\/div>\n\t\t\t\t<\/div>\n\t\t\t\t\t<\/div>\n\t\t<\/div>\n\t\t\t\t\t\t\t<\/div>\n\t\t<\/section>\n\t\t\t\t<section data-particle_enable=\"false\" data-particle-mobile-disabled=\"false\" class=\"elementor-section elementor-top-section elementor-element elementor-element-b8037d0 elementor-section-boxed elementor-section-height-default elementor-section-height-default\" data-id=\"b8037d0\" data-element_type=\"section\">\n\t\t\t\t\t\t<div class=\"elementor-container elementor-column-gap-default\">\n\t\t\t\t\t<div class=\"elementor-column elementor-col-100 elementor-top-column elementor-element elementor-element-d559433\" data-id=\"d559433\" data-element_type=\"column\">\n\t\t\t<div class=\"elementor-widget-wrap elementor-element-populated\">\n\t\t\t\t\t\t\t\t<div class=\"elementor-element elementor-element-c7daf67 elementor-widget elementor-widget-heading\" data-id=\"c7daf67\" data-element_type=\"widget\" data-widget_type=\"heading.default\">\n\t\t\t\t<div class=\"elementor-widget-container\">\n\t\t\t<style>\/*! elementor - v3.13.3 - 28-05-2023 *\/\n.elementor-heading-title{padding:0;margin:0;line-height:1}.elementor-widget-heading .elementor-heading-title[class*=elementor-size-]>a{color:inherit;font-size:inherit;line-height:inherit}.elementor-widget-heading .elementor-heading-title.elementor-size-small{font-size:15px}.elementor-widget-heading .elementor-heading-title.elementor-size-medium{font-size:19px}.elementor-widget-heading .elementor-heading-title.elementor-size-large{font-size:29px}.elementor-widget-heading .elementor-heading-title.elementor-size-xl{font-size:39px}.elementor-widget-heading .elementor-heading-title.elementor-size-xxl{font-size:59px}<\/style><h1 class=\"elementor-heading-title elementor-size-default\">Qui som?<\/h1>\t\t<\/div>\n\t\t\t\t<\/div>\n\t\t\t\t\t<\/div>\n\t\t<\/div>\n\t\t\t\t\t\t\t<\/div>\n\t\t<\/section>\n\t\t\t\t<section data-particle_enable=\"false\" data-particle-mobile-disabled=\"false\" class=\"elementor-section elementor-top-section elementor-element elementor-element-ef36add elementor-section-boxed elementor-section-height-default elementor-section-height-default\" data-id=\"ef36add\" data-element_type=\"section\">\n\t\t\t\t\t\t<div class=\"elementor-container elementor-column-gap-default\">\n\t\t\t\t\t<div class=\"elementor-column elementor-col-50 elementor-top-column elementor-element elementor-element-21b5281\" data-id=\"21b5281\" data-element_type=\"column\">\n\t\t\t<div class=\"elementor-widget-wrap elementor-element-populated\">\n\t\t\t\t\t\t\t\t<div class=\"elementor-element elementor-element-758253e elementor-widget elementor-widget-image\" data-id=\"758253e\" data-element_type=\"widget\" data-widget_type=\"image.default\">\n\t\t\t\t<div class=\"elementor-widget-container\">\n\t\t\t\t\t\t\t\t\t\t\t\t\t\t\t<img loading=\"lazy\" decoding=\"async\" width=\"626\" height=\"626\" src=\"https:\/\/www.amplitudstudio.com\/wp-content\/uploads\/2023\/03\/45A0453.jpg\" class=\"attachment-full size-full wp-image-3165\" alt=\"\" srcset=\"https:\/\/www.amplitudstudio.com\/wp-content\/uploads\/2023\/03\/45A0453.jpg 626w, https:\/\/www.amplitudstudio.com\/wp-content\/uploads\/2023\/03\/45A0453-300x300.jpg 300w, https:\/\/www.amplitudstudio.com\/wp-content\/uploads\/2023\/03\/45A0453-150x150.jpg 150w\" sizes=\"auto, (max-width: 626px) 100vw, 626px\" \/>\t\t\t\t\t\t\t\t\t\t\t\t\t\t\t<\/div>\n\t\t\t\t<\/div>\n\t\t\t\t\t<\/div>\n\t\t<\/div>\n\t\t\t\t<div class=\"elementor-column elementor-col-50 elementor-top-column elementor-element elementor-element-a41fe76\" data-id=\"a41fe76\" data-element_type=\"column\">\n\t\t\t<div class=\"elementor-widget-wrap elementor-element-populated\">\n\t\t\t\t\t\t\t\t<div class=\"elementor-element elementor-element-17a6157 elementor-widget elementor-widget-heading\" data-id=\"17a6157\" data-element_type=\"widget\" data-widget_type=\"heading.default\">\n\t\t\t\t<div class=\"elementor-widget-container\">\n\t\t\t<h2 class=\"elementor-heading-title elementor-size-default\">TONI<\/h2>\t\t<\/div>\n\t\t\t\t<\/div>\n\t\t\t\t<div class=\"elementor-element elementor-element-20ba347 elementor-widget__width-auto elementor-widget elementor-widget-text-editor\" data-id=\"20ba347\" data-element_type=\"widget\" data-widget_type=\"text-editor.default\">\n\t\t\t\t<div class=\"elementor-widget-container\">\n\t\t\t\t\t\t\tArquitecte t\u00e8cnic (UPC 1998)<br>\nM\u00e0ster en Project Manager en edificaci\u00f3 i urbanisme (2002).\t\t\t\t\t\t<\/div>\n\t\t\t\t<\/div>\n\t\t\t\t<div class=\"elementor-element elementor-element-fec42a7 elementor-widget elementor-widget-text-editor\" data-id=\"fec42a7\" data-element_type=\"widget\" data-widget_type=\"text-editor.default\">\n\t\t\t\t<div class=\"elementor-widget-container\">\n\t\t\t\t\t\t\tTota la vida dedicada a la construcci\u00f3 en les seves diferents fases, tant d&#8217;estructura, naus industrials, blocs de cases&#8230; Ha treballat en importants empreses del sector de la construcci\u00f3 a escala nacional i en empreses de disseny d&#8217;interiors i mobiliari.\n<br>Iniciem el projecte amb molta il\u00b7lusi\u00f3 posant tots els coneixements d&#8217;aquests anys en un nou projecte oferint una manera professional i personal de construir.\t\t\t\t\t\t<\/div>\n\t\t\t\t<\/div>\n\t\t\t\t\t<\/div>\n\t\t<\/div>\n\t\t\t\t\t\t\t<\/div>\n\t\t<\/section>\n\t\t\t\t<section data-particle_enable=\"false\" data-particle-mobile-disabled=\"false\" class=\"elementor-section elementor-top-section elementor-element elementor-element-ec6a817 elementor-section-boxed elementor-section-height-default elementor-section-height-default\" data-id=\"ec6a817\" data-element_type=\"section\">\n\t\t\t\t\t\t<div class=\"elementor-container elementor-column-gap-default\">\n\t\t\t\t\t<div class=\"elementor-column elementor-col-50 elementor-top-column elementor-element elementor-element-0d56101\" data-id=\"0d56101\" data-element_type=\"column\">\n\t\t\t<div class=\"elementor-widget-wrap elementor-element-populated\">\n\t\t\t\t\t\t\t\t<div class=\"elementor-element elementor-element-7d29009 elementor-widget elementor-widget-image\" data-id=\"7d29009\" data-element_type=\"widget\" data-widget_type=\"image.default\">\n\t\t\t\t<div class=\"elementor-widget-container\">\n\t\t\t\t\t\t\t\t\t\t\t\t\t\t\t<img loading=\"lazy\" decoding=\"async\" width=\"628\" height=\"628\" src=\"https:\/\/www.amplitudstudio.com\/wp-content\/uploads\/2023\/03\/45A0520.jpg\" class=\"attachment-full size-full wp-image-3177\" alt=\"\" srcset=\"https:\/\/www.amplitudstudio.com\/wp-content\/uploads\/2023\/03\/45A0520.jpg 628w, https:\/\/www.amplitudstudio.com\/wp-content\/uploads\/2023\/03\/45A0520-300x300.jpg 300w, https:\/\/www.amplitudstudio.com\/wp-content\/uploads\/2023\/03\/45A0520-150x150.jpg 150w\" sizes=\"auto, (max-width: 628px) 100vw, 628px\" \/>\t\t\t\t\t\t\t\t\t\t\t\t\t\t\t<\/div>\n\t\t\t\t<\/div>\n\t\t\t\t\t<\/div>\n\t\t<\/div>\n\t\t\t\t<div class=\"elementor-column elementor-col-50 elementor-top-column elementor-element elementor-element-7aa92fb\" data-id=\"7aa92fb\" data-element_type=\"column\">\n\t\t\t<div class=\"elementor-widget-wrap elementor-element-populated\">\n\t\t\t\t\t\t\t\t<div class=\"elementor-element elementor-element-cc334be elementor-widget elementor-widget-heading\" data-id=\"cc334be\" data-element_type=\"widget\" data-widget_type=\"heading.default\">\n\t\t\t\t<div class=\"elementor-widget-container\">\n\t\t\t<h2 class=\"elementor-heading-title elementor-size-default\">DOLORS<\/h2>\t\t<\/div>\n\t\t\t\t<\/div>\n\t\t\t\t<div class=\"elementor-element elementor-element-eff5153 elementor-widget__width-auto elementor-widget elementor-widget-text-editor\" data-id=\"eff5153\" data-element_type=\"widget\" data-widget_type=\"text-editor.default\">\n\t\t\t\t<div class=\"elementor-widget-container\">\n\t\t\t\t\t\t\tLlicenciada en Dret.<br>\nExperi\u00e8ncia en l&#8217;exercici de l&#8217;advocacia i en el sector immobiliari.\t\t\t\t\t\t<\/div>\n\t\t\t\t<\/div>\n\t\t\t\t<div class=\"elementor-element elementor-element-e04a1b5 elementor-widget elementor-widget-text-editor\" data-id=\"e04a1b5\" data-element_type=\"widget\" data-widget_type=\"text-editor.default\">\n\t\t\t\t<div class=\"elementor-widget-container\">\n\t\t\t\t\t\t\tAporto els meus coneixements del m\u00f3n del dret i sector immobiliari fent tasques de gesti\u00f3 administrativa, financera i comptable.\t\t\t\t\t\t<\/div>\n\t\t\t\t<\/div>\n\t\t\t\t\t<\/div>\n\t\t<\/div>\n\t\t\t\t\t\t\t<\/div>\n\t\t<\/section>\n\t\t\t\t<section data-particle_enable=\"false\" data-particle-mobile-disabled=\"false\" class=\"elementor-section elementor-top-section elementor-element elementor-element-0873741 elementor-section-boxed elementor-section-height-default elementor-section-height-default\" data-id=\"0873741\" data-element_type=\"section\">\n\t\t\t\t\t\t<div class=\"elementor-container elementor-column-gap-default\">\n\t\t\t\t\t<div class=\"elementor-column elementor-col-50 elementor-top-column elementor-element elementor-element-360df37\" data-id=\"360df37\" data-element_type=\"column\">\n\t\t\t<div class=\"elementor-widget-wrap elementor-element-populated\">\n\t\t\t\t\t\t\t\t<div class=\"elementor-element elementor-element-fb6b254 elementor-widget elementor-widget-image\" data-id=\"fb6b254\" data-element_type=\"widget\" data-widget_type=\"image.default\">\n\t\t\t\t<div class=\"elementor-widget-container\">\n\t\t\t\t\t\t\t\t\t\t\t\t\t\t\t<img loading=\"lazy\" decoding=\"async\" width=\"625\" height=\"625\" src=\"https:\/\/www.amplitudstudio.com\/wp-content\/uploads\/2023\/03\/45A0874.jpg\" class=\"attachment-full size-full wp-image-3171\" alt=\"\" srcset=\"https:\/\/www.amplitudstudio.com\/wp-content\/uploads\/2023\/03\/45A0874.jpg 625w, https:\/\/www.amplitudstudio.com\/wp-content\/uploads\/2023\/03\/45A0874-300x300.jpg 300w, https:\/\/www.amplitudstudio.com\/wp-content\/uploads\/2023\/03\/45A0874-150x150.jpg 150w\" sizes=\"auto, (max-width: 625px) 100vw, 625px\" \/>\t\t\t\t\t\t\t\t\t\t\t\t\t\t\t<\/div>\n\t\t\t\t<\/div>\n\t\t\t\t\t<\/div>\n\t\t<\/div>\n\t\t\t\t<div class=\"elementor-column elementor-col-50 elementor-top-column elementor-element elementor-element-fdbb959\" data-id=\"fdbb959\" data-element_type=\"column\">\n\t\t\t<div class=\"elementor-widget-wrap elementor-element-populated\">\n\t\t\t\t\t\t\t\t<div class=\"elementor-element elementor-element-6332abc elementor-widget elementor-widget-heading\" data-id=\"6332abc\" data-element_type=\"widget\" data-widget_type=\"heading.default\">\n\t\t\t\t<div class=\"elementor-widget-container\">\n\t\t\t<h2 class=\"elementor-heading-title elementor-size-default\">DAVID<\/h2>\t\t<\/div>\n\t\t\t\t<\/div>\n\t\t\t\t<div class=\"elementor-element elementor-element-38dc608 elementor-widget elementor-widget-text-editor\" data-id=\"38dc608\" data-element_type=\"widget\" data-widget_type=\"text-editor.default\">\n\t\t\t\t<div class=\"elementor-widget-container\">\n\t\t\t\t\t\t\tCap d&#8217;obra\t\t\t\t\t\t<\/div>\n\t\t\t\t<\/div>\n\t\t\t\t<div class=\"elementor-element elementor-element-c0a54c3 elementor-widget elementor-widget-text-editor\" data-id=\"c0a54c3\" data-element_type=\"widget\" data-widget_type=\"text-editor.default\">\n\t\t\t\t<div class=\"elementor-widget-container\">\n\t\t\t\t\t\t\t<p>25 anys d&#8217;experi\u00e8ncia a peu d&#8217;obra. Especialitzat en Treballs de paleteria i lampisteria. Amb gran experi\u00e8ncia en gesti\u00f3 i supervisi\u00f3 d&#8217;equips.<\/p>\t\t\t\t\t\t<\/div>\n\t\t\t\t<\/div>\n\t\t\t\t\t<\/div>\n\t\t<\/div>\n\t\t\t\t\t\t\t<\/div>\n\t\t<\/section>\n\t\t\t\t<section data-particle_enable=\"false\" data-particle-mobile-disabled=\"false\" class=\"elementor-section elementor-top-section elementor-element elementor-element-9724bfd elementor-section-boxed elementor-section-height-default elementor-section-height-default\" data-id=\"9724bfd\" data-element_type=\"section\">\n\t\t\t\t\t\t<div class=\"elementor-container elementor-column-gap-default\">\n\t\t\t\t\t<div class=\"elementor-column elementor-col-100 elementor-top-column elementor-element elementor-element-1d478ea\" data-id=\"1d478ea\" data-element_type=\"column\">\n\t\t\t<div class=\"elementor-widget-wrap elementor-element-populated\">\n\t\t\t\t\t\t\t\t<div class=\"elementor-element elementor-element-02e796d elementor-align-center elementor-widget elementor-widget-button\" data-id=\"02e796d\" data-element_type=\"widget\" data-widget_type=\"button.default\">\n\t\t\t\t<div class=\"elementor-widget-container\">\n\t\t\t\t\t<div class=\"elementor-button-wrapper\">\n\t\t\t<a href=\"\/ca\/contacte\" class=\"elementor-button-link elementor-button elementor-size-lg\" role=\"button\">\n\t\t\t\t\t\t<span class=\"elementor-button-content-wrapper\">\n\t\t\t\t\t\t\t<span class=\"elementor-button-icon elementor-align-icon-right\">\n\t\t\t\t<?xml version=\"1.0\" encoding=\"UTF-8\"?>\n<svg xmlns=\"http:\/\/www.w3.org\/2000\/svg\" xmlns:xlink=\"http:\/\/www.w3.org\/1999\/xlink\" width=\"48.782\" height=\"49.534\" viewBox=\"0 0 48.782 49.534\">\n  <defs>\n    <clipPath id=\"clip-path\">\n      <rect id=\"Rect\u00e1ngulo_36\" data-name=\"Rect\u00e1ngulo 36\" width=\"48.782\" height=\"49.534\" transform=\"translate(0 0)\" fill=\"#fff\" stroke=\"#fff\" stroke-width=\"1\"><\/rect>\n    <\/clipPath>\n  <\/defs>\n  <g id=\"Grupo_84\" data-name=\"Grupo 84\" transform=\"translate(0 0)\">\n    <path id=\"Trazado_27\" data-name=\"Trazado 27\" d=\"M1,24.767H1Z\" fill=\"#fff\" stroke=\"#fff\" stroke-width=\"1\"><\/path>\n    <g id=\"Grupo_72\" data-name=\"Grupo 72\">\n      <g id=\"Grupo_71\" data-name=\"Grupo 71\" clip-path=\"url(#clip-path)\">\n        <line id=\"L\u00ednea_9\" data-name=\"L\u00ednea 9\" x1=\"41.251\" transform=\"translate(1 24.767)\" fill=\"none\" stroke=\"#fff\" stroke-miterlimit=\"10\" stroke-width=\"2\"><\/line>\n      <\/g>\n    <\/g>\n    <path id=\"Trazado_30\" data-name=\"Trazado 30\" d=\"M0,0H44.251V2.513H0Z\" transform=\"translate(1 23.51)\" fill=\"#fff\" stroke=\"#fff\" stroke-width=\"1\"><\/path>\n    <g id=\"Grupo_74\" data-name=\"Grupo 74\">\n      <g id=\"Grupo_73\" data-name=\"Grupo 73\" clip-path=\"url(#clip-path)\">\n        <rect id=\"Rect\u00e1ngulo_38\" data-name=\"Rect\u00e1ngulo 38\" width=\"41.251\" height=\"2.513\" transform=\"translate(1 23.51)\" fill=\"#fff\" stroke=\"#fff\" stroke-miterlimit=\"10\" stroke-width=\"2\"><\/rect>\n      <\/g>\n    <\/g>\n    <path id=\"Trazado_28\" data-name=\"Trazado 28\" d=\"M47.782,25.648V23.886L24.363,1.389,22.542,3.151,45.109,24.767,22.542,46.383l1.821,1.762Z\" fill=\"#fff\" stroke=\"#fff\" stroke-width=\"1\"><\/path>\n    <g id=\"Grupo_76\" data-name=\"Grupo 76\">\n      <g id=\"Grupo_75\" data-name=\"Grupo 75\" clip-path=\"url(#clip-path)\">\n        <path id=\"Trazado_29\" data-name=\"Trazado 29\" d=\"M47.782,25.648V23.886L24.363,1.389,22.542,3.151,45.109,24.767,22.542,46.383l1.821,1.762Z\" fill=\"#fff\" stroke=\"#fff\" stroke-miterlimit=\"10\" stroke-width=\"2\"><\/path>\n      <\/g>\n    <\/g>\n  <\/g>\n<\/svg>\n\t\t\t<\/span>\n\t\t\t\t\t\t<span class=\"elementor-button-text\">Explica'ns el teu projecte<\/span>\n\t\t<\/span>\n\t\t\t\t\t<\/a>\n\t\t<\/div>\n\t\t\t\t<\/div>\n\t\t\t\t<\/div>\n\t\t\t\t\t<\/div>\n\t\t<\/div>\n\t\t\t\t\t\t\t<\/div>\n\t\t<\/section>\n\t\t\t\t\t\t\t<\/div>\n\t\t","protected":false},"excerpt":{"rendered":"<p>Estem especialitzats en projectes de construcci\u00f3 i reformes d&#8217;habitatges, naus industrials i locals. Oferim solucions personalitzades a les necessitats de cada client, des d&#8217;una reforma d&#8217;una part de l&#8217;habitatge, bany, sal\u00f3, cuina i terrassa fins a una obra completa comen\u00e7ant per l&#8217;elecci\u00f3 del terreny. La decisi\u00f3 de renovar un espai sorgeix quan les necessitats i &#8230; <a title=\"Sobre nosaltres\" class=\"read-more\" href=\"https:\/\/www.amplitudstudio.com\/ca\/sobre-nosaltres\/\" aria-label=\"M\u00e9s sobre Sobre nosaltres\">Llegiu m\u00e9s<\/a><\/p>\n","protected":false},"author":1,"featured_media":0,"parent":0,"menu_order":0,"comment_status":"closed","ping_status":"closed","template":"elementor_header_footer","meta":{"inline_featured_image":false,"footnotes":""},"class_list":["post-1602","page","type-page","status-publish"],"_links":{"self":[{"href":"https:\/\/www.amplitudstudio.com\/ca\/wp-json\/wp\/v2\/pages\/1602","targetHints":{"allow":["GET"]}}],"collection":[{"href":"https:\/\/www.amplitudstudio.com\/ca\/wp-json\/wp\/v2\/pages"}],"about":[{"href":"https:\/\/www.amplitudstudio.com\/ca\/wp-json\/wp\/v2\/types\/page"}],"author":[{"embeddable":true,"href":"https:\/\/www.amplitudstudio.com\/ca\/wp-json\/wp\/v2\/users\/1"}],"replies":[{"embeddable":true,"href":"https:\/\/www.amplitudstudio.com\/ca\/wp-json\/wp\/v2\/comments?post=1602"}],"version-history":[{"count":57,"href":"https:\/\/www.amplitudstudio.com\/ca\/wp-json\/wp\/v2\/pages\/1602\/revisions"}],"predecessor-version":[{"id":3527,"href":"https:\/\/www.amplitudstudio.com\/ca\/wp-json\/wp\/v2\/pages\/1602\/revisions\/3527"}],"wp:attachment":[{"href":"https:\/\/www.amplitudstudio.com\/ca\/wp-json\/wp\/v2\/media?parent=1602"}],"curies":[{"name":"wp","href":"https:\/\/api.w.org\/{rel}","templated":true}]}}