{"id":1599,"date":"2022-12-21T20:09:12","date_gmt":"2022-12-21T19:09:12","guid":{"rendered":"https:\/\/www.amplitudstudio.com\/inmobiliaria\/"},"modified":"2023-03-21T14:05:06","modified_gmt":"2023-03-21T13:05:06","slug":"immobiliaria","status":"publish","type":"page","link":"https:\/\/www.amplitudstudio.com\/ca\/immobiliaria\/","title":{"rendered":"Immobili\u00e0ria"},"content":{"rendered":"\t\t<div data-elementor-type=\"wp-page\" data-elementor-id=\"1599\" class=\"elementor elementor-1599 elementor-179\">\n\t\t\t\t\t\t\t\t\t<section data-particle_enable=\"false\" data-particle-mobile-disabled=\"false\" class=\"elementor-section elementor-top-section elementor-element elementor-element-13acf8be elementor-section-content-bottom elementor-section-boxed elementor-section-height-default elementor-section-height-default\" data-id=\"13acf8be\" data-element_type=\"section\">\n\t\t\t\t\t\t<div class=\"elementor-container elementor-column-gap-default\">\n\t\t\t\t\t<div class=\"elementor-column elementor-col-50 elementor-top-column elementor-element elementor-element-503398d\" data-id=\"503398d\" data-element_type=\"column\">\n\t\t\t<div class=\"elementor-widget-wrap elementor-element-populated\">\n\t\t\t\t\t\t\t\t<div class=\"elementor-element elementor-element-2bbb4803 elementor-widget elementor-widget-image\" data-id=\"2bbb4803\" data-element_type=\"widget\" data-widget_type=\"image.default\">\n\t\t\t\t<div class=\"elementor-widget-container\">\n\t\t\t<style>\/*! elementor - v3.13.3 - 28-05-2023 *\/\n.elementor-widget-image{text-align:center}.elementor-widget-image a{display:inline-block}.elementor-widget-image a img[src$=\".svg\"]{width:48px}.elementor-widget-image img{vertical-align:middle;display:inline-block}<\/style>\t\t\t\t\t\t\t\t\t\t\t\t<img loading=\"lazy\" decoding=\"async\" width=\"800\" height=\"800\" src=\"https:\/\/www.amplitudstudio.com\/wp-content\/uploads\/2023\/01\/immobiliaria.webp\" class=\"attachment-full size-full wp-image-970\" alt=\"\" srcset=\"https:\/\/www.amplitudstudio.com\/wp-content\/uploads\/2023\/01\/immobiliaria.webp 800w, https:\/\/www.amplitudstudio.com\/wp-content\/uploads\/2023\/01\/immobiliaria-300x300.webp 300w, https:\/\/www.amplitudstudio.com\/wp-content\/uploads\/2023\/01\/immobiliaria-150x150.webp 150w, https:\/\/www.amplitudstudio.com\/wp-content\/uploads\/2023\/01\/immobiliaria-768x768.webp 768w\" sizes=\"auto, (max-width: 800px) 100vw, 800px\" \/>\t\t\t\t\t\t\t\t\t\t\t\t\t\t\t<\/div>\n\t\t\t\t<\/div>\n\t\t\t\t\t<\/div>\n\t\t<\/div>\n\t\t\t\t<div class=\"elementor-column elementor-col-50 elementor-top-column elementor-element elementor-element-7a19ad51\" data-id=\"7a19ad51\" data-element_type=\"column\">\n\t\t\t<div class=\"elementor-widget-wrap elementor-element-populated\">\n\t\t\t\t\t\t\t\t<div class=\"elementor-element elementor-element-6d007f5f elementor-widget elementor-widget-heading\" data-id=\"6d007f5f\" data-element_type=\"widget\" data-widget_type=\"heading.default\">\n\t\t\t\t<div class=\"elementor-widget-container\">\n\t\t\t<style>\/*! elementor - v3.13.3 - 28-05-2023 *\/\n.elementor-heading-title{padding:0;margin:0;line-height:1}.elementor-widget-heading .elementor-heading-title[class*=elementor-size-]>a{color:inherit;font-size:inherit;line-height:inherit}.elementor-widget-heading .elementor-heading-title.elementor-size-small{font-size:15px}.elementor-widget-heading .elementor-heading-title.elementor-size-medium{font-size:19px}.elementor-widget-heading .elementor-heading-title.elementor-size-large{font-size:29px}.elementor-widget-heading .elementor-heading-title.elementor-size-xl{font-size:39px}.elementor-widget-heading .elementor-heading-title.elementor-size-xxl{font-size:59px}<\/style><h1 class=\"elementor-heading-title elementor-size-default\">Immobili\u00e0ria<\/h1>\t\t<\/div>\n\t\t\t\t<\/div>\n\t\t\t\t<div class=\"elementor-element elementor-element-3cd5186c elementor-widget elementor-widget-heading\" data-id=\"3cd5186c\" data-element_type=\"widget\" data-widget_type=\"heading.default\">\n\t\t\t\t<div class=\"elementor-widget-container\">\n\t\t\t<h2 class=\"elementor-heading-title elementor-size-default\">T'acompanyem en la cerca del terreny per a construir el teu habitatge o casa de segona m\u00e0 a reformar al teu gust.\n<\/h2>\t\t<\/div>\n\t\t\t\t<\/div>\n\t\t\t\t<div class=\"elementor-element elementor-element-7ccfe191 elementor-align-left elementor-widget elementor-widget-button\" data-id=\"7ccfe191\" data-element_type=\"widget\" data-widget_type=\"button.default\">\n\t\t\t\t<div class=\"elementor-widget-container\">\n\t\t\t\t\t<div class=\"elementor-button-wrapper\">\n\t\t\t<a href=\"\/ca\/contacte\" class=\"elementor-button-link elementor-button elementor-size-sm\" role=\"button\">\n\t\t\t\t\t\t<span class=\"elementor-button-content-wrapper\">\n\t\t\t\t\t\t\t<span class=\"elementor-button-icon elementor-align-icon-right\">\n\t\t\t\t<?xml version=\"1.0\" encoding=\"UTF-8\"?>\n<svg xmlns=\"http:\/\/www.w3.org\/2000\/svg\" xmlns:xlink=\"http:\/\/www.w3.org\/1999\/xlink\" width=\"48.782\" height=\"49.534\" viewBox=\"0 0 48.782 49.534\">\n  <defs>\n    <clipPath id=\"clip-path\">\n      <rect id=\"Rect\u00e1ngulo_36\" data-name=\"Rect\u00e1ngulo 36\" width=\"48.782\" height=\"49.534\" transform=\"translate(0 0)\" fill=\"#fff\" stroke=\"#fff\" stroke-width=\"1\"><\/rect>\n    <\/clipPath>\n  <\/defs>\n  <g id=\"Grupo_84\" data-name=\"Grupo 84\" transform=\"translate(0 0)\">\n    <path id=\"Trazado_27\" data-name=\"Trazado 27\" d=\"M1,24.767H1Z\" fill=\"#fff\" stroke=\"#fff\" stroke-width=\"1\"><\/path>\n    <g id=\"Grupo_72\" data-name=\"Grupo 72\">\n      <g id=\"Grupo_71\" data-name=\"Grupo 71\" clip-path=\"url(#clip-path)\">\n        <line id=\"L\u00ednea_9\" data-name=\"L\u00ednea 9\" x1=\"41.251\" transform=\"translate(1 24.767)\" fill=\"none\" stroke=\"#fff\" stroke-miterlimit=\"10\" stroke-width=\"2\"><\/line>\n      <\/g>\n    <\/g>\n    <path id=\"Trazado_30\" data-name=\"Trazado 30\" d=\"M0,0H44.251V2.513H0Z\" transform=\"translate(1 23.51)\" fill=\"#fff\" stroke=\"#fff\" stroke-width=\"1\"><\/path>\n    <g id=\"Grupo_74\" data-name=\"Grupo 74\">\n      <g id=\"Grupo_73\" data-name=\"Grupo 73\" clip-path=\"url(#clip-path)\">\n        <rect id=\"Rect\u00e1ngulo_38\" data-name=\"Rect\u00e1ngulo 38\" width=\"41.251\" height=\"2.513\" transform=\"translate(1 23.51)\" fill=\"#fff\" stroke=\"#fff\" stroke-miterlimit=\"10\" stroke-width=\"2\"><\/rect>\n      <\/g>\n    <\/g>\n    <path id=\"Trazado_28\" data-name=\"Trazado 28\" d=\"M47.782,25.648V23.886L24.363,1.389,22.542,3.151,45.109,24.767,22.542,46.383l1.821,1.762Z\" fill=\"#fff\" stroke=\"#fff\" stroke-width=\"1\"><\/path>\n    <g id=\"Grupo_76\" data-name=\"Grupo 76\">\n      <g id=\"Grupo_75\" data-name=\"Grupo 75\" clip-path=\"url(#clip-path)\">\n        <path id=\"Trazado_29\" data-name=\"Trazado 29\" d=\"M47.782,25.648V23.886L24.363,1.389,22.542,3.151,45.109,24.767,22.542,46.383l1.821,1.762Z\" fill=\"#fff\" stroke=\"#fff\" stroke-miterlimit=\"10\" stroke-width=\"2\"><\/path>\n      <\/g>\n    <\/g>\n  <\/g>\n<\/svg>\n\t\t\t<\/span>\n\t\t\t\t\t\t<span class=\"elementor-button-text\">Explica'ns el teu projecte<\/span>\n\t\t<\/span>\n\t\t\t\t\t<\/a>\n\t\t<\/div>\n\t\t\t\t<\/div>\n\t\t\t\t<\/div>\n\t\t\t\t\t<\/div>\n\t\t<\/div>\n\t\t\t\t\t\t\t<\/div>\n\t\t<\/section>\n\t\t\t\t<section data-particle_enable=\"false\" data-particle-mobile-disabled=\"false\" class=\"elementor-section elementor-top-section elementor-element elementor-element-3932135f elementor-section-boxed elementor-section-height-default elementor-section-height-default\" data-id=\"3932135f\" data-element_type=\"section\">\n\t\t\t\t\t\t<div class=\"elementor-container elementor-column-gap-no\">\n\t\t\t\t\t<div class=\"elementor-column elementor-col-50 elementor-top-column elementor-element elementor-element-1afc9d2e\" data-id=\"1afc9d2e\" data-element_type=\"column\">\n\t\t\t<div class=\"elementor-widget-wrap elementor-element-populated\">\n\t\t\t\t\t\t\t\t<div class=\"elementor-element elementor-element-4db2264f elementor-widget elementor-widget-text-editor\" data-id=\"4db2264f\" data-element_type=\"widget\" data-widget_type=\"text-editor.default\">\n\t\t\t\t<div class=\"elementor-widget-container\">\n\t\t\t<style>\/*! elementor - v3.13.3 - 28-05-2023 *\/\n.elementor-widget-text-editor.elementor-drop-cap-view-stacked .elementor-drop-cap{background-color:#69727d;color:#fff}.elementor-widget-text-editor.elementor-drop-cap-view-framed .elementor-drop-cap{color:#69727d;border:3px solid;background-color:transparent}.elementor-widget-text-editor:not(.elementor-drop-cap-view-default) .elementor-drop-cap{margin-top:8px}.elementor-widget-text-editor:not(.elementor-drop-cap-view-default) .elementor-drop-cap-letter{width:1em;height:1em}.elementor-widget-text-editor .elementor-drop-cap{float:left;text-align:center;line-height:1;font-size:50px}.elementor-widget-text-editor .elementor-drop-cap-letter{display:inline-block}<\/style>\t\t\t\t<p>A Amplitud Studio, a m\u00e9s d&#8217;executar obres i reformes, entenem que el proc\u00e9s de poder tenir la teva llar o el teu negoci on i com a tu t&#8217;agrada comen\u00e7a molt abans del projecte de construcci\u00f3 o reforma. Col\u00b7laborem amb les principals ag\u00e8ncies immobili\u00e0ries per a poder oferir-te els millors productes.<\/p>\t\t\t\t\t\t<\/div>\n\t\t\t\t<\/div>\n\t\t\t\t\t<\/div>\n\t\t<\/div>\n\t\t\t\t<div class=\"elementor-column elementor-col-50 elementor-top-column elementor-element elementor-element-628be2de\" data-id=\"628be2de\" data-element_type=\"column\">\n\t\t\t<div class=\"elementor-widget-wrap elementor-element-populated\">\n\t\t\t\t\t\t\t\t<div class=\"elementor-element elementor-element-79218bb9 elementor-widget elementor-widget-text-editor\" data-id=\"79218bb9\" data-element_type=\"widget\" data-widget_type=\"text-editor.default\">\n\t\t\t\t<div class=\"elementor-widget-container\">\n\t\t\t\t\t\t\t<p>Obtenim informaci\u00f3 urban\u00edstica als Ajuntaments a fi de poder confirmar que es pugui construir o reformar al gust del client. Us acompanyem i assessorem en tot el referent a la compra d&#8217;immobles. Si est\u00e0s buscant ajuda per a trobar el terreny adequat, no dubtis a posar-te en contacte amb nosaltres per a aconseguir m\u00e9s informaci\u00f3.<\/p>\t\t\t\t\t\t<\/div>\n\t\t\t\t<\/div>\n\t\t\t\t\t<\/div>\n\t\t<\/div>\n\t\t\t\t\t\t\t<\/div>\n\t\t<\/section>\n\t\t\t\t\t\t\t<\/div>\n\t\t","protected":false},"excerpt":{"rendered":"<p>Immobili\u00e0ria T&#8217;acompanyem en la cerca del terreny per a construir el teu habitatge o casa de segona m\u00e0 a reformar al teu gust. Explica&#8217;ns el teu projecte A Amplitud Studio, a m\u00e9s d&#8217;executar obres i reformes, entenem que el proc\u00e9s de poder tenir la teva llar o el teu negoci on i com a tu &#8230; <a title=\"Immobili\u00e0ria\" class=\"read-more\" href=\"https:\/\/www.amplitudstudio.com\/ca\/immobiliaria\/\" aria-label=\"M\u00e9s sobre Immobili\u00e0ria\">Llegiu m\u00e9s<\/a><\/p>\n","protected":false},"author":1,"featured_media":0,"parent":0,"menu_order":0,"comment_status":"closed","ping_status":"closed","template":"elementor_header_footer","meta":{"inline_featured_image":false,"footnotes":""},"class_list":["post-1599","page","type-page","status-publish"],"_links":{"self":[{"href":"https:\/\/www.amplitudstudio.com\/ca\/wp-json\/wp\/v2\/pages\/1599","targetHints":{"allow":["GET"]}}],"collection":[{"href":"https:\/\/www.amplitudstudio.com\/ca\/wp-json\/wp\/v2\/pages"}],"about":[{"href":"https:\/\/www.amplitudstudio.com\/ca\/wp-json\/wp\/v2\/types\/page"}],"author":[{"embeddable":true,"href":"https:\/\/www.amplitudstudio.com\/ca\/wp-json\/wp\/v2\/users\/1"}],"replies":[{"embeddable":true,"href":"https:\/\/www.amplitudstudio.com\/ca\/wp-json\/wp\/v2\/comments?post=1599"}],"version-history":[{"count":22,"href":"https:\/\/www.amplitudstudio.com\/ca\/wp-json\/wp\/v2\/pages\/1599\/revisions"}],"predecessor-version":[{"id":3506,"href":"https:\/\/www.amplitudstudio.com\/ca\/wp-json\/wp\/v2\/pages\/1599\/revisions\/3506"}],"wp:attachment":[{"href":"https:\/\/www.amplitudstudio.com\/ca\/wp-json\/wp\/v2\/media?parent=1599"}],"curies":[{"name":"wp","href":"https:\/\/api.w.org\/{rel}","templated":true}]}}